{"id":81,"date":"2021-05-31T20:25:48","date_gmt":"2021-05-31T20:25:48","guid":{"rendered":"https:\/\/progames.fi\/fi\/?page_id=81"},"modified":"2023-01-08T14:29:26","modified_gmt":"2023-01-08T12:29:26","slug":"ryhmille","status":"publish","type":"page","link":"https:\/\/progames.fi\/fi\/index.php\/ryhmille\/","title":{"rendered":"Ryhmille"},"content":{"rendered":"\t\t<div data-elementor-type=\"wp-page\" data-elementor-id=\"81\" class=\"elementor elementor-81\" data-elementor-post-type=\"page\">\n\t\t\t\t\t\t<section class=\"elementor-section elementor-top-section elementor-element elementor-element-7c7daad elementor-section-boxed elementor-section-height-default elementor-section-height-default\" data-id=\"7c7daad\" data-element_type=\"section\" data-e-type=\"section\">\n\t\t\t\t\t\t<div class=\"elementor-container elementor-column-gap-default\">\n\t\t\t\t\t<div class=\"elementor-column elementor-col-100 elementor-top-column elementor-element elementor-element-e792638\" data-id=\"e792638\" data-element_type=\"column\" data-e-type=\"column\">\n\t\t\t<div class=\"elementor-widget-wrap elementor-element-populated\">\n\t\t\t\t\t\t<div class=\"elementor-element elementor-element-5c1ee38 elementor-widget elementor-widget-image\" data-id=\"5c1ee38\" data-element_type=\"widget\" data-e-type=\"widget\" data-widget_type=\"image.default\">\n\t\t\t\t<div class=\"elementor-widget-container\">\n\t\t\t\t\t\t\t\t\t\t\t\t\t\t\t<img fetchpriority=\"high\" decoding=\"async\" width=\"768\" height=\"512\" src=\"https:\/\/progames.fi\/fi\/wp-content\/uploads\/2021\/07\/kouluryhma-768x512.jpg\" class=\"attachment-medium_large size-medium_large wp-image-178\" alt=\"\" srcset=\"https:\/\/progames.fi\/fi\/wp-content\/uploads\/2021\/07\/kouluryhma-768x512.jpg 768w, https:\/\/progames.fi\/fi\/wp-content\/uploads\/2021\/07\/kouluryhma-300x200.jpg 300w, https:\/\/progames.fi\/fi\/wp-content\/uploads\/2021\/07\/kouluryhma-1024x683.jpg 1024w, https:\/\/progames.fi\/fi\/wp-content\/uploads\/2021\/07\/kouluryhma-1536x1024.jpg 1536w, https:\/\/progames.fi\/fi\/wp-content\/uploads\/2021\/07\/kouluryhma.jpg 2048w\" sizes=\"(max-width: 768px) 100vw, 768px\" \/>\t\t\t\t\t\t\t\t\t\t\t\t\t\t\t<\/div>\n\t\t\t\t<\/div>\n\t\t\t\t\t<\/div>\n\t\t<\/div>\n\t\t\t\t\t<\/div>\n\t\t<\/section>\n\t\t\t\t<section class=\"elementor-section elementor-top-section elementor-element elementor-element-4042fb8 elementor-section-boxed elementor-section-height-default elementor-section-height-default\" data-id=\"4042fb8\" data-element_type=\"section\" data-e-type=\"section\">\n\t\t\t\t\t\t<div class=\"elementor-container elementor-column-gap-default\">\n\t\t\t\t\t<div class=\"elementor-column elementor-col-33 elementor-top-column elementor-element elementor-element-14c0e46\" data-id=\"14c0e46\" data-element_type=\"column\" data-e-type=\"column\">\n\t\t\t<div class=\"elementor-widget-wrap elementor-element-populated\">\n\t\t\t\t\t\t<div class=\"elementor-element elementor-element-f7c2c4f elementor-view-default elementor-position-block-start elementor-mobile-position-block-start elementor-widget elementor-widget-icon-box\" data-id=\"f7c2c4f\" data-element_type=\"widget\" data-e-type=\"widget\" data-widget_type=\"icon-box.default\">\n\t\t\t\t<div class=\"elementor-widget-container\">\n\t\t\t\t\t\t\t<div class=\"elementor-icon-box-wrapper\">\n\n\t\t\t\t\t\t<div class=\"elementor-icon-box-icon\">\n\t\t\t\t<span  class=\"elementor-icon\">\n\t\t\t\t<i aria-hidden=\"true\" class=\"fas fa-star\"><\/i>\t\t\t\t<\/span>\n\t\t\t<\/div>\n\t\t\t\n\t\t\t\t\t\t<div class=\"elementor-icon-box-content\">\n\n\t\t\t\t\t\t\t\t\t<h3 class=\"elementor-icon-box-title\">\n\t\t\t\t\t\t<span  >\n\t\t\t\t\t\t\tJUNNUPAINTBALL\t\t\t\t\t\t<\/span>\n\t\t\t\t\t<\/h3>\n\t\t\t\t\n\t\t\t\t\t\t\t\t\t<p class=\"elementor-icon-box-description\">\n\t\t\t\t\t\tTervetuloa pelaamaan paintballia puistoomme. Meid\u00e4n 50cal varusteilla voi pelata 10 \u2013 13 vuotiaat. Uutuutena 2023 Gelblaster merkkaimet tarkoitettu 8 - 10 vuotiaille<br>Puistossamme viet\u00e4t hauskat ja j\u00e4nnitt\u00e4v\u00e4t syntt\u00e4rit. <br>Pelilippuun kuuluu merkkainpaketti,  suojahaalari, rintapanssari, suojamaski, p\u00e4\u00e4hine ja hanskat.\n\n\t\t\t\t\t<\/p>\n\t\t\t\t\n\t\t\t<\/div>\n\t\t\t\n\t\t<\/div>\n\t\t\t\t\t\t<\/div>\n\t\t\t\t<\/div>\n\t\t\t\t\t<\/div>\n\t\t<\/div>\n\t\t\t\t<div class=\"elementor-column elementor-col-33 elementor-top-column elementor-element elementor-element-14d3ac8\" data-id=\"14d3ac8\" data-element_type=\"column\" data-e-type=\"column\">\n\t\t\t<div class=\"elementor-widget-wrap elementor-element-populated\">\n\t\t\t\t\t\t<div class=\"elementor-element elementor-element-6781e17 elementor-view-default elementor-position-block-start elementor-mobile-position-block-start elementor-widget elementor-widget-icon-box\" data-id=\"6781e17\" data-element_type=\"widget\" data-e-type=\"widget\" data-widget_type=\"icon-box.default\">\n\t\t\t\t<div class=\"elementor-widget-container\">\n\t\t\t\t\t\t\t<div class=\"elementor-icon-box-wrapper\">\n\n\t\t\t\t\t\t<div class=\"elementor-icon-box-icon\">\n\t\t\t\t<span  class=\"elementor-icon\">\n\t\t\t\t<i aria-hidden=\"true\" class=\"fas fa-star\"><\/i>\t\t\t\t<\/span>\n\t\t\t<\/div>\n\t\t\t\n\t\t\t\t\t\t<div class=\"elementor-icon-box-content\">\n\n\t\t\t\t\t\t\t\t\t<h3 class=\"elementor-icon-box-title\">\n\t\t\t\t\t\t<span  >\n\t\t\t\t\t\t\tAIKUISTEN PAINTBALL\t\t\t\t\t\t<\/span>\n\t\t\t\t\t<\/h3>\n\t\t\t\t\n\t\t\t\t\t\t\t\t\t<p class=\"elementor-icon-box-description\">\n\t\t\t\t\t\tPaintball hy\u00f6tyliikuntaa parhaimmillaan. Tervetuloa ulos luontoon liikkumaan. Puistossamme 5 eri pelikentt\u00e4\u00e4 kaikki samassa paikassa. ProGamesparkin vuokraamosta l\u00f6yd\u00e4t parhaimmat pelivarusteet ja useita eri paintball merkkain malleja jota voi valita.Ker\u00e4\u00e4 kaveri porukkaa yhteen ja tule viett\u00e4m\u00e4\u00e4n hauska liikunnallinen paintball p\u00e4iv\u00e4 meille.\t\t\t\t\t<\/p>\n\t\t\t\t\n\t\t\t<\/div>\n\t\t\t\n\t\t<\/div>\n\t\t\t\t\t\t<\/div>\n\t\t\t\t<\/div>\n\t\t\t\t\t<\/div>\n\t\t<\/div>\n\t\t\t\t<div class=\"elementor-column elementor-col-33 elementor-top-column elementor-element elementor-element-9bd7d73\" data-id=\"9bd7d73\" data-element_type=\"column\" data-e-type=\"column\">\n\t\t\t<div class=\"elementor-widget-wrap elementor-element-populated\">\n\t\t\t\t\t\t<div class=\"elementor-element elementor-element-e681309 elementor-view-default elementor-position-block-start elementor-mobile-position-block-start elementor-widget elementor-widget-icon-box\" data-id=\"e681309\" data-element_type=\"widget\" data-e-type=\"widget\" data-widget_type=\"icon-box.default\">\n\t\t\t\t<div class=\"elementor-widget-container\">\n\t\t\t\t\t\t\t<div class=\"elementor-icon-box-wrapper\">\n\n\t\t\t\t\t\t<div class=\"elementor-icon-box-icon\">\n\t\t\t\t<span  class=\"elementor-icon\">\n\t\t\t\t<i aria-hidden=\"true\" class=\"fas fa-star\"><\/i>\t\t\t\t<\/span>\n\t\t\t<\/div>\n\t\t\t\n\t\t\t\t\t\t<div class=\"elementor-icon-box-content\">\n\n\t\t\t\t\t\t\t\t\t<h3 class=\"elementor-icon-box-title\">\n\t\t\t\t\t\t<span  >\n\t\t\t\t\t\t\tLUOKKARETKET\t\t\t\t\t\t<\/span>\n\t\t\t\t\t<\/h3>\n\t\t\t\t\n\t\t\t\t\t\t\t\t\t<p class=\"elementor-icon-box-description\">\n\t\t\t\t\t\tLuokkaretki meille! Viet\u00e4 j\u00e4nnitt\u00e4v\u00e4 luokkaretki p\u00e4iv\u00e4 paintballin,kuplafutiksen,ja buggy-autokartingia ajellen. ProGames paintball puisto sijaitsee p\u00e4\u00e4kaupinki seudulla idyllisess\u00e4 maalaismaisemassa Kirkkonummella. Helsingist\u00e4 vajaan 30 min ajomatka. Ota yhteytt\u00e4, niin r\u00e4\u00e4t\u00e4l\u00f6id\u00e4\u00e4n teid\u00e4n tarpeisiin sopiva luokkaretki p\u00e4iv\u00e4.\t\t\t\t\t<\/p>\n\t\t\t\t\n\t\t\t<\/div>\n\t\t\t\n\t\t<\/div>\n\t\t\t\t\t\t<\/div>\n\t\t\t\t<\/div>\n\t\t\t\t\t<\/div>\n\t\t<\/div>\n\t\t\t\t\t<\/div>\n\t\t<\/section>\n\t\t\t\t<section class=\"elementor-section elementor-top-section elementor-element elementor-element-93deb0e elementor-section-boxed elementor-section-height-default elementor-section-height-default\" data-id=\"93deb0e\" data-element_type=\"section\" data-e-type=\"section\">\n\t\t\t\t\t\t<div class=\"elementor-container elementor-column-gap-default\">\n\t\t\t\t\t<div class=\"elementor-column elementor-col-33 elementor-top-column elementor-element elementor-element-bb89023\" data-id=\"bb89023\" data-element_type=\"column\" data-e-type=\"column\">\n\t\t\t<div class=\"elementor-widget-wrap elementor-element-populated\">\n\t\t\t\t\t\t<div class=\"elementor-element elementor-element-21bff81 elementor-view-default elementor-position-block-start elementor-mobile-position-block-start elementor-widget elementor-widget-icon-box\" data-id=\"21bff81\" data-element_type=\"widget\" data-e-type=\"widget\" data-widget_type=\"icon-box.default\">\n\t\t\t\t<div class=\"elementor-widget-container\">\n\t\t\t\t\t\t\t<div class=\"elementor-icon-box-wrapper\">\n\n\t\t\t\t\t\t<div class=\"elementor-icon-box-icon\">\n\t\t\t\t<span  class=\"elementor-icon\">\n\t\t\t\t<i aria-hidden=\"true\" class=\"fas fa-star\"><\/i>\t\t\t\t<\/span>\n\t\t\t<\/div>\n\t\t\t\n\t\t\t\t\t\t<div class=\"elementor-icon-box-content\">\n\n\t\t\t\t\t\t\t\t\t<h3 class=\"elementor-icon-box-title\">\n\t\t\t\t\t\t<span  >\n\t\t\t\t\t\t\tPOLTTARIT\t\t\t\t\t\t<\/span>\n\t\t\t\t\t<\/h3>\n\t\t\t\t\n\t\t\t\t\t\t\t\t\t<p class=\"elementor-icon-box-description\">\n\t\t\t\t\t\tPolttarit el\u00e4m\u00e4si hauskin p\u00e4iv\u00e4. Meill\u00e4 voi valita sankarille hauskat paintball peliasut. Vai milt\u00e4 kuulostaa pinkki j\u00e4nispuku tai kana,sika tai supermies \/ nais puku.? Puistossamme 5 eri paintball pelikentt\u00e4\u00e4,kaikki samassa paikassa. Pelien j\u00e4lkeen voi my\u00f6s kokeilla kuplafutista puiston kuplafutis arenalla.Ja p\u00e4iv\u00e4n p\u00e4\u00e4tteeksi pelitapahtumat voi puida l\u00e4pi puiston saunan lauteilla.\n\t\t\t\t\t<\/p>\n\t\t\t\t\n\t\t\t<\/div>\n\t\t\t\n\t\t<\/div>\n\t\t\t\t\t\t<\/div>\n\t\t\t\t<\/div>\n\t\t\t\t\t<\/div>\n\t\t<\/div>\n\t\t\t\t<div class=\"elementor-column elementor-col-33 elementor-top-column elementor-element elementor-element-647299f\" data-id=\"647299f\" data-element_type=\"column\" data-e-type=\"column\">\n\t\t\t<div class=\"elementor-widget-wrap elementor-element-populated\">\n\t\t\t\t\t\t<div class=\"elementor-element elementor-element-4fe9e41 elementor-view-default elementor-position-block-start elementor-mobile-position-block-start elementor-widget elementor-widget-icon-box\" data-id=\"4fe9e41\" data-element_type=\"widget\" data-e-type=\"widget\" data-widget_type=\"icon-box.default\">\n\t\t\t\t<div class=\"elementor-widget-container\">\n\t\t\t\t\t\t\t<div class=\"elementor-icon-box-wrapper\">\n\n\t\t\t\t\t\t<div class=\"elementor-icon-box-icon\">\n\t\t\t\t<span  class=\"elementor-icon\">\n\t\t\t\t<i aria-hidden=\"true\" class=\"fas fa-star\"><\/i>\t\t\t\t<\/span>\n\t\t\t<\/div>\n\t\t\t\n\t\t\t\t\t\t<div class=\"elementor-icon-box-content\">\n\n\t\t\t\t\t\t\t\t\t<h3 class=\"elementor-icon-box-title\">\n\t\t\t\t\t\t<span  >\n\t\t\t\t\t\t\tTYKY- P\u00c4IV\u00c4T\t\t\t\t\t\t<\/span>\n\t\t\t\t\t<\/h3>\n\t\t\t\t\n\t\t\t\t\t\t\t\t\t<p class=\"elementor-icon-box-description\">\n\t\t\t\t\t\tProGames paintballparkissa pid\u00e4t mit\u00e4 hauskimmat virkistysp\u00e4ivt ja ty\u00f6hyvinnvoinnin tapahtumat.Anna asiakkaille ja ty\u00f6ntekij\u00f6ille liikunnallinen el\u00e4myslahaja.\t\t\t\t\t<\/p>\n\t\t\t\t\n\t\t\t<\/div>\n\t\t\t\n\t\t<\/div>\n\t\t\t\t\t\t<\/div>\n\t\t\t\t<\/div>\n\t\t\t\t\t<\/div>\n\t\t<\/div>\n\t\t\t\t<div class=\"elementor-column elementor-col-33 elementor-top-column elementor-element elementor-element-45f390d\" data-id=\"45f390d\" data-element_type=\"column\" data-e-type=\"column\">\n\t\t\t<div class=\"elementor-widget-wrap elementor-element-populated\">\n\t\t\t\t\t\t<div class=\"elementor-element elementor-element-8156291 elementor-view-default elementor-position-block-start elementor-mobile-position-block-start elementor-widget elementor-widget-icon-box\" data-id=\"8156291\" data-element_type=\"widget\" data-e-type=\"widget\" data-widget_type=\"icon-box.default\">\n\t\t\t\t<div class=\"elementor-widget-container\">\n\t\t\t\t\t\t\t<div class=\"elementor-icon-box-wrapper\">\n\n\t\t\t\t\t\t<div class=\"elementor-icon-box-icon\">\n\t\t\t\t<span  class=\"elementor-icon\">\n\t\t\t\t<i aria-hidden=\"true\" class=\"fas fa-star\"><\/i>\t\t\t\t<\/span>\n\t\t\t<\/div>\n\t\t\t\n\t\t\t\t\t\t<div class=\"elementor-icon-box-content\">\n\n\t\t\t\t\t\t\t\t\t<h3 class=\"elementor-icon-box-title\">\n\t\t\t\t\t\t<span  >\n\t\t\t\t\t\t\tLASTEN SYNTT\u00c4RIT\t\t\t\t\t\t<\/span>\n\t\t\t\t\t<\/h3>\n\t\t\t\t\n\t\t\t\t\t\t\t\t\t<p class=\"elementor-icon-box-description\">\n\t\t\t\t\t\tEtsitk\u00f6 jotain uuttaa syntt\u00e4reille?.Onko jo kaikki sis\u00e4aktiviteetti puistot koettu? Tervetuloa ulos liikkumaan.\nMeill\u00e4 viet\u00e4t unohtumattomat syntt\u00e4rit. Paintball varusteita l\u00f6ytyy aikuisille ja nuorille 8 \u2013 10  vuotiaille sek\u00e4 10v - 13vuotiaille sopivia.\nPelien j\u00e4lkeen mahdollista tilata katettu syntt\u00e4rip\u00f6yt\u00e4. Herkut voi nauttia katetulla terassilla, el\u00e4mys kodassa tai puiston myym\u00e4l\u00e4n tiloissa.\t\t\t\t\t<\/p>\n\t\t\t\t\n\t\t\t<\/div>\n\t\t\t\n\t\t<\/div>\n\t\t\t\t\t\t<\/div>\n\t\t\t\t<\/div>\n\t\t\t\t\t<\/div>\n\t\t<\/div>\n\t\t\t\t\t<\/div>\n\t\t<\/section>\n\t\t\t\t<\/div>\n\t\t","protected":false},"excerpt":{"rendered":"<p>JUNNUPAINTBALL Tervetuloa pelaamaan paintballia puistoomme. Meid\u00e4n 50cal varusteilla voi pelata 10 \u2013 13 vuotiaat. Uutuutena 2023 Gelblaster merkkaimet tarkoitettu 8 &#8211; 10 vuotiaillePuistossamme viet\u00e4t hauskat ja j\u00e4nnitt\u00e4v\u00e4t syntt\u00e4rit. Pelilippuun kuuluu merkkainpaketti, suojahaalari, rintapanssari, suojamaski, p\u00e4\u00e4hine ja hanskat. AIKUISTEN PAINTBALL Paintball hy\u00f6tyliikuntaa parhaimmillaan. Tervetuloa ulos luontoon liikkumaan. Puistossamme 5 eri pelikentt\u00e4\u00e4 kaikki samassa paikassa. ProGamesparkin vuokraamosta [&hellip;]<\/p>\n","protected":false},"author":1,"featured_media":0,"parent":0,"menu_order":0,"comment_status":"closed","ping_status":"closed","template":"","meta":{"footnotes":""},"class_list":["post-81","page","type-page","status-publish","hentry"],"_links":{"self":[{"href":"https:\/\/progames.fi\/fi\/index.php\/wp-json\/wp\/v2\/pages\/81","targetHints":{"allow":["GET"]}}],"collection":[{"href":"https:\/\/progames.fi\/fi\/index.php\/wp-json\/wp\/v2\/pages"}],"about":[{"href":"https:\/\/progames.fi\/fi\/index.php\/wp-json\/wp\/v2\/types\/page"}],"author":[{"embeddable":true,"href":"https:\/\/progames.fi\/fi\/index.php\/wp-json\/wp\/v2\/users\/1"}],"replies":[{"embeddable":true,"href":"https:\/\/progames.fi\/fi\/index.php\/wp-json\/wp\/v2\/comments?post=81"}],"version-history":[{"count":13,"href":"https:\/\/progames.fi\/fi\/index.php\/wp-json\/wp\/v2\/pages\/81\/revisions"}],"predecessor-version":[{"id":702,"href":"https:\/\/progames.fi\/fi\/index.php\/wp-json\/wp\/v2\/pages\/81\/revisions\/702"}],"wp:attachment":[{"href":"https:\/\/progames.fi\/fi\/index.php\/wp-json\/wp\/v2\/media?parent=81"}],"curies":[{"name":"wp","href":"https:\/\/api.w.org\/{rel}","templated":true}]}}