{"id":281,"date":"2021-07-23T18:05:48","date_gmt":"2021-07-23T16:05:48","guid":{"rendered":"https:\/\/progames.fi\/fi\/?page_id=281"},"modified":"2025-01-09T13:57:46","modified_gmt":"2025-01-09T11:57:46","slug":"tyky-paivat","status":"publish","type":"page","link":"https:\/\/progames.fi\/fi\/index.php\/tyky-paivat\/","title":{"rendered":"Yrityksille"},"content":{"rendered":"\t\t<div data-elementor-type=\"wp-page\" data-elementor-id=\"281\" class=\"elementor elementor-281\" data-elementor-post-type=\"page\">\n\t\t\t\t\t\t<section class=\"elementor-section elementor-top-section elementor-element elementor-element-49f36076 elementor-section-height-min-height elementor-section-content-middle elementor-section-full_width elementor-section-height-default elementor-section-items-middle\" data-id=\"49f36076\" data-element_type=\"section\" data-e-type=\"section\" data-settings=\"{&quot;background_background&quot;:&quot;classic&quot;}\">\n\t\t\t\t\t\t\t<div class=\"elementor-background-overlay\"><\/div>\n\t\t\t\t\t\t\t<div class=\"elementor-container elementor-column-gap-no\">\n\t\t\t\t\t<div class=\"elementor-column elementor-col-100 elementor-top-column elementor-element elementor-element-32128e05\" data-id=\"32128e05\" data-element_type=\"column\" data-e-type=\"column\">\n\t\t\t<div class=\"elementor-widget-wrap elementor-element-populated\">\n\t\t\t\t\t\t<div class=\"elementor-element elementor-element-d4b50ec elementor-headline--style-rotate elementor-widget elementor-widget-animated-headline\" data-id=\"d4b50ec\" data-element_type=\"widget\" data-e-type=\"widget\" data-settings=\"{&quot;headline_style&quot;:&quot;rotate&quot;,&quot;animation_type&quot;:&quot;slide&quot;,&quot;rotating_text&quot;:&quot;TYKY P\\u00c4IV\\u00c4&quot;,&quot;loop&quot;:&quot;yes&quot;,&quot;rotate_iteration_delay&quot;:2500}\" data-widget_type=\"animated-headline.default\">\n\t\t\t\t<div class=\"elementor-widget-container\">\n\t\t\t\t\t\t\t<h2 class=\"elementor-headline elementor-headline-animation-type-slide\">\n\t\t\t\t<span class=\"elementor-headline-dynamic-wrapper elementor-headline-text-wrapper\">\n\t\t\t\t\t<span class=\"elementor-headline-dynamic-text elementor-headline-text-active\">\n\t\t\t\tTYKY&nbsp;P\u00c4IV\u00c4\t\t\t<\/span>\n\t\t\t\t\t\t<\/span>\n\t\t\t\t<\/h2>\n\t\t\t\t\t\t<\/div>\n\t\t\t\t<\/div>\n\t\t\t\t<div class=\"elementor-element elementor-element-dbcbb88 elementor-widget elementor-widget-video\" data-id=\"dbcbb88\" data-element_type=\"widget\" data-e-type=\"widget\" data-settings=\"{&quot;video_type&quot;:&quot;hosted&quot;,&quot;autoplay&quot;:&quot;yes&quot;,&quot;play_on_mobile&quot;:&quot;yes&quot;,&quot;mute&quot;:&quot;yes&quot;,&quot;loop&quot;:&quot;yes&quot;}\" data-widget_type=\"video.default\">\n\t\t\t\t<div class=\"elementor-widget-container\">\n\t\t\t\t\t\t\t<div class=\"e-hosted-video elementor-wrapper elementor-open-inline\">\n\t\t\t\t\t<video class=\"elementor-video\" src=\"https:\/\/progames.fi\/fi\/wp-content\/uploads\/2024\/11\/VID-20240525-WA0028.mp4\" autoplay=\"\" loop=\"\" muted=\"muted\" playsinline=\"\" controlsList=\"nodownload\"><\/video>\n\t\t\t\t<\/div>\n\t\t\t\t\t\t<\/div>\n\t\t\t\t<\/div>\n\t\t\t\t\t<\/div>\n\t\t<\/div>\n\t\t\t\t\t<\/div>\n\t\t<\/section>\n\t\t\t\t<section class=\"elementor-section elementor-top-section elementor-element elementor-element-b672f58 elementor-section-boxed elementor-section-height-default elementor-section-height-default\" data-id=\"b672f58\" data-element_type=\"section\" data-e-type=\"section\">\n\t\t\t\t\t\t<div class=\"elementor-container elementor-column-gap-default\">\n\t\t\t\t\t<div class=\"elementor-column elementor-col-100 elementor-top-column elementor-element elementor-element-b8d99c3\" data-id=\"b8d99c3\" data-element_type=\"column\" data-e-type=\"column\">\n\t\t\t<div class=\"elementor-widget-wrap elementor-element-populated\">\n\t\t\t\t\t\t<div class=\"elementor-element elementor-element-392dc46 elementor-widget elementor-widget-heading\" data-id=\"392dc46\" data-element_type=\"widget\" data-e-type=\"widget\" data-widget_type=\"heading.default\">\n\t\t\t\t<div class=\"elementor-widget-container\">\n\t\t\t\t\t<h2 class=\"elementor-heading-title elementor-size-small\">YRITYKSILLE<\/h2>\t\t\t\t<\/div>\n\t\t\t\t<\/div>\n\t\t\t\t<section class=\"elementor-section elementor-inner-section elementor-element elementor-element-60b3718 elementor-section-boxed elementor-section-height-default elementor-section-height-default\" data-id=\"60b3718\" data-element_type=\"section\" data-e-type=\"section\">\n\t\t\t\t\t\t<div class=\"elementor-container elementor-column-gap-default\">\n\t\t\t\t\t<div class=\"elementor-column elementor-col-33 elementor-inner-column elementor-element elementor-element-729560f\" data-id=\"729560f\" data-element_type=\"column\" data-e-type=\"column\">\n\t\t\t<div class=\"elementor-widget-wrap elementor-element-populated\">\n\t\t\t\t\t\t<div class=\"elementor-element elementor-element-4e827db elementor-widget elementor-widget-text-editor\" data-id=\"4e827db\" data-element_type=\"widget\" data-e-type=\"widget\" data-widget_type=\"text-editor.default\">\n\t\t\t\t<div class=\"elementor-widget-container\">\n\t\t\t\t\t\t\t\t\t<p>ProGames paintball puistossa pid\u00e4t mit\u00e4 hauskimmat virkistysp\u00e4iv\u00e4t ja ty\u00f6hyvinvoinnin tapahtumat. Ohjatuissa aktiviteeteissa on valinnanvaraa leikkimielisist\u00e4 kisailuista letke\u00e4\u00e4n hyv\u00e4n olon pelailuun. Yksi on kuitenkin varmaa: naurulta ei voi v\u00e4ltty\u00e4! Tervetuloa viett\u00e4m\u00e4\u00e4n liikunnallinen ja ty\u00f6porukan yhteishenke\u00e4 kohottava tyky-p\u00e4iv\u00e4 ProGames paintballpuiston radoille pohjois Kirkkonummelle! Espoon rajalla ja vain vajaan 30 min ajomatkan p\u00e4\u00e4s\u00e4t Helsingin keskustasta.<\/p>\t\t\t\t\t\t\t\t<\/div>\n\t\t\t\t<\/div>\n\t\t\t\t\t<\/div>\n\t\t<\/div>\n\t\t\t\t<div class=\"elementor-column elementor-col-33 elementor-inner-column elementor-element elementor-element-0addde3\" data-id=\"0addde3\" data-element_type=\"column\" data-e-type=\"column\">\n\t\t\t<div class=\"elementor-widget-wrap elementor-element-populated\">\n\t\t\t\t\t\t<div class=\"elementor-element elementor-element-f253c64 elementor-widget elementor-widget-text-editor\" data-id=\"f253c64\" data-element_type=\"widget\" data-e-type=\"widget\" data-widget_type=\"text-editor.default\">\n\t\t\t\t<div class=\"elementor-widget-container\">\n\t\t\t\t\t\t\t\t\t<p>Meid\u00e4n pelipaketteihin kuuluu kaikki varusteet mit\u00e4 tarvitset hauskaan paintball pelip\u00e4iv\u00e4\u00e4n. Merkkainpaketti, Haalari, Suojamaski, p\u00e4\u00e4hineen, hanskat ja rintapanssari. Paintball sopii kaikille ja pelikentill\u00e4mme voi liikkua omaan tahtiin. Yritys tiimi p\u00e4iviin voi my\u00f6s helposti lis\u00e4t\u00e4 puiston muita ryhm\u00e4henke\u00e4 nostattavia aktiviteettej\u00e4. Katso lis\u00e4\u00e4<a href=\"https:\/\/progames.fi\/fi\/index.php\/lisa-aktiviteetit\/\">\u00a0LIS\u00c4 AKTIVITEETTI\u00a0<\/a>sivuilta.<\/p>\t\t\t\t\t\t\t\t<\/div>\n\t\t\t\t<\/div>\n\t\t\t\t\t<\/div>\n\t\t<\/div>\n\t\t\t\t<div class=\"elementor-column elementor-col-33 elementor-inner-column elementor-element elementor-element-9ee2e1c\" data-id=\"9ee2e1c\" data-element_type=\"column\" data-e-type=\"column\">\n\t\t\t<div class=\"elementor-widget-wrap elementor-element-populated\">\n\t\t\t\t\t\t<div class=\"elementor-element elementor-element-9244ce5 elementor-widget elementor-widget-text-editor\" data-id=\"9244ce5\" data-element_type=\"widget\" data-e-type=\"widget\" data-widget_type=\"text-editor.default\">\n\t\t\t\t<div class=\"elementor-widget-container\">\n\t\t\t\t\t\t\t\t\t<p>Itse seikkailuun ja pelailuun kannattaa varata v\u00e4hint\u00e4\u00e4n 2 tuntia. Lis\u00e4ksi mik\u00e4li haluatte tilata firma ryhm\u00e4llenne ruokailua, niin siihen suosittelemme varaamaan noin tunti lis\u00e4\u00e4. Puistoon saa tuoda omat Grillatavat ja juomat. Puistossa l\u00f6ytyy l\u00e4mpim\u00e4t sis\u00e4tilat ruokailua varten. Sek\u00e4 mahdollisuus pienimuotoiseen kokoukseen. My\u00f6s sauna ja pesu mahdollisuus.Katso lis\u00e4\u00e4 <a href=\"https:\/\/progames.fi\/fi\/index.php\/jalkipelit\/\">SAUNA<\/a> sivuilta.<\/p>\t\t\t\t\t\t\t\t<\/div>\n\t\t\t\t<\/div>\n\t\t\t\t\t<\/div>\n\t\t<\/div>\n\t\t\t\t\t<\/div>\n\t\t<\/section>\n\t\t\t\t\t<\/div>\n\t\t<\/div>\n\t\t\t\t\t<\/div>\n\t\t<\/section>\n\t\t\t\t<section class=\"elementor-section elementor-top-section elementor-element elementor-element-a527758 elementor-section-boxed elementor-section-height-default elementor-section-height-default\" data-id=\"a527758\" data-element_type=\"section\" data-e-type=\"section\" data-settings=\"{&quot;background_background&quot;:&quot;gradient&quot;}\">\n\t\t\t\t\t\t<div class=\"elementor-container elementor-column-gap-default\">\n\t\t\t\t\t<div class=\"elementor-column elementor-col-100 elementor-top-column elementor-element elementor-element-c054b27\" data-id=\"c054b27\" data-element_type=\"column\" data-e-type=\"column\">\n\t\t\t<div class=\"elementor-widget-wrap elementor-element-populated\">\n\t\t\t\t\t\t<div class=\"elementor-element elementor-element-411b9a5 elementor-widget elementor-widget-heading\" data-id=\"411b9a5\" data-element_type=\"widget\" data-e-type=\"widget\" data-widget_type=\"heading.default\">\n\t\t\t\t<div class=\"elementor-widget-container\">\n\t\t\t\t\t<h2 class=\"elementor-heading-title elementor-size-default\">Yrityspaketit<\/h2>\t\t\t\t<\/div>\n\t\t\t\t<\/div>\n\t\t\t\t<section class=\"elementor-section elementor-inner-section elementor-element elementor-element-29e1956 elementor-section-boxed elementor-section-height-default elementor-section-height-default\" data-id=\"29e1956\" data-element_type=\"section\" data-e-type=\"section\">\n\t\t\t\t\t\t<div class=\"elementor-container elementor-column-gap-default\">\n\t\t\t\t\t<div class=\"elementor-column elementor-col-50 elementor-inner-column elementor-element elementor-element-766c689\" data-id=\"766c689\" data-element_type=\"column\" data-e-type=\"column\">\n\t\t\t<div class=\"elementor-widget-wrap elementor-element-populated\">\n\t\t\t\t\t\t<div class=\"elementor-element elementor-element-5318ca5 elementor-widget elementor-widget-heading\" data-id=\"5318ca5\" data-element_type=\"widget\" data-e-type=\"widget\" data-widget_type=\"heading.default\">\n\t\t\t\t<div class=\"elementor-widget-container\">\n\t\t\t\t\t<h2 class=\"elementor-heading-title elementor-size-default\">Kokouspaketti<\/h2>\t\t\t\t<\/div>\n\t\t\t\t<\/div>\n\t\t\t\t<div class=\"elementor-element elementor-element-5038de1 elementor-widget elementor-widget-text-editor\" data-id=\"5038de1\" data-element_type=\"widget\" data-e-type=\"widget\" data-widget_type=\"text-editor.default\">\n\t\t\t\t<div class=\"elementor-widget-container\">\n\t\t\t\t\t\t\t\t\t<ul><li>Aamukahvi &amp; S\u00e4mpyl\u00e4<\/li><li>Konttikokous puiston viihtyis\u00e4ss\u00e4 kahvilassa. 1.5h ( sis. kokoustekniikan, max 20 henk.)<\/li><li>Ohjatut paintballpelit 1.5h.<\/li><li>J\u00e4lkipeli menu &amp; Sauna<\/li><\/ul>\t\t\t\t\t\t\t\t<\/div>\n\t\t\t\t<\/div>\n\t\t\t\t<div class=\"elementor-element elementor-element-51d1854 elementor-widget elementor-widget-button\" data-id=\"51d1854\" data-element_type=\"widget\" data-e-type=\"widget\" data-widget_type=\"button.default\">\n\t\t\t\t<div class=\"elementor-widget-container\">\n\t\t\t\t\t\t\t\t\t<div class=\"elementor-button-wrapper\">\n\t\t\t\t\t<a class=\"elementor-button elementor-button-link elementor-size-sm\" href=\"https:\/\/progames.fi\/fi\/index.php\/yhteystiedot\/\">\n\t\t\t\t\t\t<span class=\"elementor-button-content-wrapper\">\n\t\t\t\t\t\t\t\t\t<span class=\"elementor-button-text\">Tarjouspyynt\u00f6<\/span>\n\t\t\t\t\t<\/span>\n\t\t\t\t\t<\/a>\n\t\t\t\t<\/div>\n\t\t\t\t\t\t\t\t<\/div>\n\t\t\t\t<\/div>\n\t\t\t\t\t<\/div>\n\t\t<\/div>\n\t\t\t\t<div class=\"elementor-column elementor-col-50 elementor-inner-column elementor-element elementor-element-2fb57ce\" data-id=\"2fb57ce\" data-element_type=\"column\" data-e-type=\"column\">\n\t\t\t<div class=\"elementor-widget-wrap elementor-element-populated\">\n\t\t\t\t\t\t<div class=\"elementor-element elementor-element-0499ef1 elementor-widget elementor-widget-heading\" data-id=\"0499ef1\" data-element_type=\"widget\" data-e-type=\"widget\" data-widget_type=\"heading.default\">\n\t\t\t\t<div class=\"elementor-widget-container\">\n\t\t\t\t\t<h2 class=\"elementor-heading-title elementor-size-default\">Isot ryhm\u00e4t ja r\u00e4\u00e4t\u00e4l\u00f6idyt kokouspaketit<\/h2>\t\t\t\t<\/div>\n\t\t\t\t<\/div>\n\t\t\t\t<div class=\"elementor-element elementor-element-009106f elementor-widget elementor-widget-text-editor\" data-id=\"009106f\" data-element_type=\"widget\" data-e-type=\"widget\" data-widget_type=\"text-editor.default\">\n\t\t\t\t<div class=\"elementor-widget-container\">\n\t\t\t\t\t\t\t\t\t<p>Otamme vastaan my\u00f6s isot ryhm\u00e4t. Ja r\u00e4\u00e4t\u00e4l\u00f6imme toiveidenmukaiset kickoffit ja muut yritystapahtumat \/ p\u00e4iv\u00e4t. Ota helposti yhteytt\u00e4 puhelimitse. 0404133652 tai t\u00e4st\u00e4 linkist\u00e4.<\/p>\t\t\t\t\t\t\t\t<\/div>\n\t\t\t\t<\/div>\n\t\t\t\t<div class=\"elementor-element elementor-element-947e3cd elementor-widget elementor-widget-button\" data-id=\"947e3cd\" data-element_type=\"widget\" data-e-type=\"widget\" data-widget_type=\"button.default\">\n\t\t\t\t<div class=\"elementor-widget-container\">\n\t\t\t\t\t\t\t\t\t<div class=\"elementor-button-wrapper\">\n\t\t\t\t\t<a class=\"elementor-button elementor-button-link elementor-size-sm\" href=\"https:\/\/progames.fi\/fi\/index.php\/yhteystiedot\/\">\n\t\t\t\t\t\t<span class=\"elementor-button-content-wrapper\">\n\t\t\t\t\t\t\t\t\t<span class=\"elementor-button-text\">Tarjouspyynt\u00f6<\/span>\n\t\t\t\t\t<\/span>\n\t\t\t\t\t<\/a>\n\t\t\t\t<\/div>\n\t\t\t\t\t\t\t\t<\/div>\n\t\t\t\t<\/div>\n\t\t\t\t\t<\/div>\n\t\t<\/div>\n\t\t\t\t\t<\/div>\n\t\t<\/section>\n\t\t\t\t\t<\/div>\n\t\t<\/div>\n\t\t\t\t\t<\/div>\n\t\t<\/section>\n\t\t\t\t<section class=\"elementor-section elementor-top-section elementor-element elementor-element-eb29837 elementor-section-boxed elementor-section-height-default elementor-section-height-default\" data-id=\"eb29837\" data-element_type=\"section\" data-e-type=\"section\">\n\t\t\t\t\t\t<div class=\"elementor-container elementor-column-gap-default\">\n\t\t\t\t\t<div class=\"elementor-column elementor-col-50 elementor-top-column elementor-element elementor-element-12cb73f\" data-id=\"12cb73f\" data-element_type=\"column\" data-e-type=\"column\">\n\t\t\t<div class=\"elementor-widget-wrap elementor-element-populated\">\n\t\t\t\t\t\t<div class=\"elementor-element elementor-element-b05f90e elementor-widget elementor-widget-image\" data-id=\"b05f90e\" data-element_type=\"widget\" data-e-type=\"widget\" data-widget_type=\"image.default\">\n\t\t\t\t<div class=\"elementor-widget-container\">\n\t\t\t\t\t\t\t\t\t\t\t\t\t\t\t<img fetchpriority=\"high\" decoding=\"async\" width=\"800\" height=\"600\" src=\"https:\/\/progames.fi\/fi\/wp-content\/uploads\/2021\/07\/asiakas-tilaisuus.jpg\" class=\"attachment-large size-large wp-image-302\" alt=\"\" srcset=\"https:\/\/progames.fi\/fi\/wp-content\/uploads\/2021\/07\/asiakas-tilaisuus.jpg 1000w, https:\/\/progames.fi\/fi\/wp-content\/uploads\/2021\/07\/asiakas-tilaisuus-300x225.jpg 300w, https:\/\/progames.fi\/fi\/wp-content\/uploads\/2021\/07\/asiakas-tilaisuus-768x576.jpg 768w\" sizes=\"(max-width: 800px) 100vw, 800px\" \/>\t\t\t\t\t\t\t\t\t\t\t\t\t\t\t<\/div>\n\t\t\t\t<\/div>\n\t\t\t\t\t<\/div>\n\t\t<\/div>\n\t\t\t\t<div class=\"elementor-column elementor-col-50 elementor-top-column elementor-element elementor-element-d5008e5\" data-id=\"d5008e5\" data-element_type=\"column\" data-e-type=\"column\">\n\t\t\t<div class=\"elementor-widget-wrap elementor-element-populated\">\n\t\t\t\t\t\t<div class=\"elementor-element elementor-element-820e1fc elementor-widget elementor-widget-image\" data-id=\"820e1fc\" data-element_type=\"widget\" data-e-type=\"widget\" data-widget_type=\"image.default\">\n\t\t\t\t<div class=\"elementor-widget-container\">\n\t\t\t\t\t\t\t\t\t\t\t\t\t\t\t<img decoding=\"async\" width=\"800\" height=\"600\" src=\"https:\/\/progames.fi\/fi\/wp-content\/uploads\/2021\/07\/paintball-turnaus.jpg\" class=\"attachment-large size-large wp-image-303\" alt=\"\" srcset=\"https:\/\/progames.fi\/fi\/wp-content\/uploads\/2021\/07\/paintball-turnaus.jpg 1000w, https:\/\/progames.fi\/fi\/wp-content\/uploads\/2021\/07\/paintball-turnaus-300x225.jpg 300w, https:\/\/progames.fi\/fi\/wp-content\/uploads\/2021\/07\/paintball-turnaus-768x576.jpg 768w\" sizes=\"(max-width: 800px) 100vw, 800px\" \/>\t\t\t\t\t\t\t\t\t\t\t\t\t\t\t<\/div>\n\t\t\t\t<\/div>\n\t\t\t\t\t<\/div>\n\t\t<\/div>\n\t\t\t\t\t<\/div>\n\t\t<\/section>\n\t\t\t\t<section class=\"elementor-section elementor-top-section elementor-element elementor-element-6a391cf elementor-section-boxed elementor-section-height-default elementor-section-height-default\" data-id=\"6a391cf\" data-element_type=\"section\" data-e-type=\"section\">\n\t\t\t\t\t\t<div class=\"elementor-container elementor-column-gap-default\">\n\t\t\t\t\t<div class=\"elementor-column elementor-col-50 elementor-top-column elementor-element elementor-element-69c06de\" data-id=\"69c06de\" data-element_type=\"column\" data-e-type=\"column\">\n\t\t\t<div class=\"elementor-widget-wrap elementor-element-populated\">\n\t\t\t\t\t\t<div class=\"elementor-element elementor-element-6437c6f elementor-widget elementor-widget-image\" data-id=\"6437c6f\" data-element_type=\"widget\" data-e-type=\"widget\" data-widget_type=\"image.default\">\n\t\t\t\t<div class=\"elementor-widget-container\">\n\t\t\t\t\t\t\t\t\t\t\t\t\t\t\t<img decoding=\"async\" width=\"768\" height=\"1024\" src=\"https:\/\/progames.fi\/fi\/wp-content\/uploads\/2025\/01\/IMG-20241215-WA0009-768x1024.jpg\" class=\"attachment-large size-large wp-image-1572\" alt=\"\" srcset=\"https:\/\/progames.fi\/fi\/wp-content\/uploads\/2025\/01\/IMG-20241215-WA0009-768x1024.jpg 768w, https:\/\/progames.fi\/fi\/wp-content\/uploads\/2025\/01\/IMG-20241215-WA0009-225x300.jpg 225w, https:\/\/progames.fi\/fi\/wp-content\/uploads\/2025\/01\/IMG-20241215-WA0009-1152x1536.jpg 1152w, https:\/\/progames.fi\/fi\/wp-content\/uploads\/2025\/01\/IMG-20241215-WA0009.jpg 1200w\" sizes=\"(max-width: 768px) 100vw, 768px\" \/>\t\t\t\t\t\t\t\t\t\t\t\t\t\t\t<\/div>\n\t\t\t\t<\/div>\n\t\t\t\t\t<\/div>\n\t\t<\/div>\n\t\t\t\t<div class=\"elementor-column elementor-col-50 elementor-top-column elementor-element elementor-element-224a44a\" data-id=\"224a44a\" data-element_type=\"column\" data-e-type=\"column\">\n\t\t\t<div class=\"elementor-widget-wrap elementor-element-populated\">\n\t\t\t\t\t\t<div class=\"elementor-element elementor-element-3b5a9e0 elementor-widget elementor-widget-image\" data-id=\"3b5a9e0\" data-element_type=\"widget\" data-e-type=\"widget\" data-widget_type=\"image.default\">\n\t\t\t\t<div class=\"elementor-widget-container\">\n\t\t\t\t\t\t\t\t\t\t\t\t\t\t\t<img loading=\"lazy\" decoding=\"async\" width=\"768\" height=\"1024\" src=\"https:\/\/progames.fi\/fi\/wp-content\/uploads\/2025\/01\/IMG-20241215-WA0006-768x1024.jpg\" class=\"attachment-large size-large wp-image-1563\" alt=\"\" srcset=\"https:\/\/progames.fi\/fi\/wp-content\/uploads\/2025\/01\/IMG-20241215-WA0006-768x1024.jpg 768w, https:\/\/progames.fi\/fi\/wp-content\/uploads\/2025\/01\/IMG-20241215-WA0006-225x300.jpg 225w, https:\/\/progames.fi\/fi\/wp-content\/uploads\/2025\/01\/IMG-20241215-WA0006-1152x1536.jpg 1152w, https:\/\/progames.fi\/fi\/wp-content\/uploads\/2025\/01\/IMG-20241215-WA0006.jpg 1200w\" sizes=\"(max-width: 768px) 100vw, 768px\" \/>\t\t\t\t\t\t\t\t\t\t\t\t\t\t\t<\/div>\n\t\t\t\t<\/div>\n\t\t\t\t\t<\/div>\n\t\t<\/div>\n\t\t\t\t\t<\/div>\n\t\t<\/section>\n\t\t\t\t<\/div>\n\t\t","protected":false},"excerpt":{"rendered":"<p>TYKY&nbsp;P\u00c4IV\u00c4 https:\/\/progames.fi\/fi\/wp-content\/uploads\/2024\/11\/VID-20240525-WA0028.mp4 YRITYKSILLE ProGames paintball puistossa pid\u00e4t mit\u00e4 hauskimmat virkistysp\u00e4iv\u00e4t ja ty\u00f6hyvinvoinnin tapahtumat. Ohjatuissa aktiviteeteissa on valinnanvaraa leikkimielisist\u00e4 kisailuista letke\u00e4\u00e4n hyv\u00e4n olon pelailuun. Yksi on kuitenkin varmaa: naurulta ei voi v\u00e4ltty\u00e4! Tervetuloa viett\u00e4m\u00e4\u00e4n liikunnallinen ja ty\u00f6porukan yhteishenke\u00e4 kohottava tyky-p\u00e4iv\u00e4 ProGames paintballpuiston radoille pohjois Kirkkonummelle! Espoon rajalla ja vain vajaan 30 min ajomatkan p\u00e4\u00e4s\u00e4t Helsingin keskustasta. [&hellip;]<\/p>\n","protected":false},"author":1,"featured_media":0,"parent":0,"menu_order":0,"comment_status":"closed","ping_status":"closed","template":"","meta":{"footnotes":""},"class_list":["post-281","page","type-page","status-publish","hentry"],"_links":{"self":[{"href":"https:\/\/progames.fi\/fi\/index.php\/wp-json\/wp\/v2\/pages\/281","targetHints":{"allow":["GET"]}}],"collection":[{"href":"https:\/\/progames.fi\/fi\/index.php\/wp-json\/wp\/v2\/pages"}],"about":[{"href":"https:\/\/progames.fi\/fi\/index.php\/wp-json\/wp\/v2\/types\/page"}],"author":[{"embeddable":true,"href":"https:\/\/progames.fi\/fi\/index.php\/wp-json\/wp\/v2\/users\/1"}],"replies":[{"embeddable":true,"href":"https:\/\/progames.fi\/fi\/index.php\/wp-json\/wp\/v2\/comments?post=281"}],"version-history":[{"count":56,"href":"https:\/\/progames.fi\/fi\/index.php\/wp-json\/wp\/v2\/pages\/281\/revisions"}],"predecessor-version":[{"id":1575,"href":"https:\/\/progames.fi\/fi\/index.php\/wp-json\/wp\/v2\/pages\/281\/revisions\/1575"}],"wp:attachment":[{"href":"https:\/\/progames.fi\/fi\/index.php\/wp-json\/wp\/v2\/media?parent=281"}],"curies":[{"name":"wp","href":"https:\/\/api.w.org\/{rel}","templated":true}]}}