{"id":271,"date":"2021-07-23T18:04:57","date_gmt":"2021-07-23T16:04:57","guid":{"rendered":"https:\/\/progames.fi\/fi\/?page_id=271"},"modified":"2025-01-09T14:27:24","modified_gmt":"2025-01-09T12:27:24","slug":"luokkaretket","status":"publish","type":"page","link":"https:\/\/progames.fi\/fi\/index.php\/luokkaretket\/","title":{"rendered":"Luokkaretket"},"content":{"rendered":"\t\t<div data-elementor-type=\"wp-page\" data-elementor-id=\"271\" class=\"elementor elementor-271\" data-elementor-post-type=\"page\">\n\t\t\t\t\t\t<section class=\"elementor-section elementor-top-section elementor-element elementor-element-4a0b6f3d elementor-section-height-min-height elementor-section-content-middle elementor-section-full_width elementor-section-height-default elementor-section-items-middle\" data-id=\"4a0b6f3d\" data-element_type=\"section\" data-e-type=\"section\" data-settings=\"{&quot;background_background&quot;:&quot;classic&quot;,&quot;background_motion_fx_motion_fx_scrolling&quot;:&quot;yes&quot;,&quot;background_motion_fx_devices&quot;:[&quot;desktop&quot;,&quot;tablet&quot;,&quot;mobile&quot;]}\">\n\t\t\t\t\t\t\t<div class=\"elementor-background-overlay\"><\/div>\n\t\t\t\t\t\t\t<div class=\"elementor-container elementor-column-gap-no\">\n\t\t\t\t\t<div class=\"elementor-column elementor-col-100 elementor-top-column elementor-element elementor-element-4808b0\" data-id=\"4808b0\" data-element_type=\"column\" data-e-type=\"column\">\n\t\t\t<div class=\"elementor-widget-wrap elementor-element-populated\">\n\t\t\t\t\t\t<div class=\"elementor-element elementor-element-5bcca14 elementor-widget elementor-widget-heading\" data-id=\"5bcca14\" data-element_type=\"widget\" data-e-type=\"widget\" data-widget_type=\"heading.default\">\n\t\t\t\t<div class=\"elementor-widget-container\">\n\t\t\t\t\t<h2 class=\"elementor-heading-title elementor-size-default\">Joukkueet ja Seurat<\/h2>\t\t\t\t<\/div>\n\t\t\t\t<\/div>\n\t\t\t\t\t<\/div>\n\t\t<\/div>\n\t\t\t\t\t<\/div>\n\t\t<\/section>\n\t\t\t\t<section class=\"elementor-section elementor-top-section elementor-element elementor-element-543766f elementor-section-boxed elementor-section-height-default elementor-section-height-default\" data-id=\"543766f\" data-element_type=\"section\" data-e-type=\"section\">\n\t\t\t\t\t\t<div class=\"elementor-container elementor-column-gap-default\">\n\t\t\t\t\t<div class=\"elementor-column elementor-col-100 elementor-top-column elementor-element elementor-element-fad58e4\" data-id=\"fad58e4\" data-element_type=\"column\" data-e-type=\"column\">\n\t\t\t<div class=\"elementor-widget-wrap elementor-element-populated\">\n\t\t\t\t\t\t<div class=\"elementor-element elementor-element-c484259 elementor-blockquote--skin-clean elementor-widget elementor-widget-blockquote\" data-id=\"c484259\" data-element_type=\"widget\" data-e-type=\"widget\" data-widget_type=\"blockquote.default\">\n\t\t\t\t<div class=\"elementor-widget-container\">\n\t\t\t\t\t\t\t<blockquote class=\"elementor-blockquote\">\n\t\t\t<p class=\"elementor-blockquote__content\">\n\t\t\t\t\" Kiitos tapahtumasta ProGames Paintball puistossa.Kaikki viihtyiv\u00e4t erinomaisesti. Parasta kuin valmentajatkin p\u00e4\u00e4siv\u00e4t mukaan peleihin. Tulemme varmasti uudestaan!\"\t\t\t<\/p>\n\t\t\t\t\t\t\t<div class=\"e-q-footer\">\n\t\t\t\t\t\t\t\t\t\t\t<cite class=\"elementor-blockquote__author\">EPS Espoon palloseura<\/cite>\n\t\t\t\t\t\t\t\t\t\t\t\t\t\t<\/div>\n\t\t\t\t\t<\/blockquote>\n\t\t\t\t\t\t<\/div>\n\t\t\t\t<\/div>\n\t\t\t\t\t<\/div>\n\t\t<\/div>\n\t\t\t\t\t<\/div>\n\t\t<\/section>\n\t\t\t\t<section class=\"elementor-section elementor-top-section elementor-element elementor-element-bca1dc7 elementor-section-boxed elementor-section-height-default elementor-section-height-default\" data-id=\"bca1dc7\" data-element_type=\"section\" data-e-type=\"section\">\n\t\t\t\t\t\t<div class=\"elementor-container elementor-column-gap-default\">\n\t\t\t\t\t<div class=\"elementor-column elementor-col-50 elementor-top-column elementor-element elementor-element-3d9f619\" data-id=\"3d9f619\" data-element_type=\"column\" data-e-type=\"column\">\n\t\t\t<div class=\"elementor-widget-wrap elementor-element-populated\">\n\t\t\t\t\t\t<div class=\"elementor-element elementor-element-7929a37 elementor-widget elementor-widget-image\" data-id=\"7929a37\" data-element_type=\"widget\" data-e-type=\"widget\" data-widget_type=\"image.default\">\n\t\t\t\t<div class=\"elementor-widget-container\">\n\t\t\t\t\t\t\t\t\t\t\t\t\t\t\t<img fetchpriority=\"high\" decoding=\"async\" width=\"800\" height=\"534\" src=\"https:\/\/progames.fi\/fi\/wp-content\/uploads\/2023\/03\/DSC_0303-1024x683.jpg\" class=\"attachment-large size-large wp-image-1002\" alt=\"\" srcset=\"https:\/\/progames.fi\/fi\/wp-content\/uploads\/2023\/03\/DSC_0303-1024x683.jpg 1024w, https:\/\/progames.fi\/fi\/wp-content\/uploads\/2023\/03\/DSC_0303-300x200.jpg 300w, https:\/\/progames.fi\/fi\/wp-content\/uploads\/2023\/03\/DSC_0303-768x512.jpg 768w, https:\/\/progames.fi\/fi\/wp-content\/uploads\/2023\/03\/DSC_0303-1536x1024.jpg 1536w, https:\/\/progames.fi\/fi\/wp-content\/uploads\/2023\/03\/DSC_0303-2048x1365.jpg 2048w\" sizes=\"(max-width: 800px) 100vw, 800px\" \/>\t\t\t\t\t\t\t\t\t\t\t\t\t\t\t<\/div>\n\t\t\t\t<\/div>\n\t\t\t\t\t<\/div>\n\t\t<\/div>\n\t\t\t\t<div class=\"elementor-column elementor-col-50 elementor-top-column elementor-element elementor-element-44e1081\" data-id=\"44e1081\" data-element_type=\"column\" data-e-type=\"column\">\n\t\t\t<div class=\"elementor-widget-wrap elementor-element-populated\">\n\t\t\t\t\t\t<div class=\"elementor-element elementor-element-4ee6149 elementor-widget elementor-widget-heading\" data-id=\"4ee6149\" data-element_type=\"widget\" data-e-type=\"widget\" data-widget_type=\"heading.default\">\n\t\t\t\t<div class=\"elementor-widget-container\">\n\t\t\t\t\t<h2 class=\"elementor-heading-title elementor-size-default\">JOUKKUEP\u00c4IV\u00c4<\/h2>\t\t\t\t<\/div>\n\t\t\t\t<\/div>\n\t\t\t\t<div class=\"elementor-element elementor-element-23805c6 elementor-widget elementor-widget-text-editor\" data-id=\"23805c6\" data-element_type=\"widget\" data-e-type=\"widget\" data-widget_type=\"text-editor.default\">\n\t\t\t\t<div class=\"elementor-widget-container\">\n\t\t\t\t\t\t\t\t\t<p>Kun on aika kohottaa joukkueen yhteishenke\u00e4, polkaista kausi k\u00e4yntiin, tai <br \/>kruunata se riemukkaasti tai palkita porukka muuten vain,tai seuran p\u00e4\u00e4t\u00f6stapahtumat.<br \/>Sopii ProGames Paintball puisto t\u00e4h\u00e4n tarkoitukseen paremmin kuin hyvin. <br \/>ProGames paintball puistossa viihtyv\u00e4t niin pelaajat, valmentajat kuin taustajoukot, sill\u00e4 puiston 5 eri paintball rataa &#8211; ja muut hauskat &#8220;sivu&#8221; aktiviteetit innostaa kaikki liikkeelle<br \/>ik\u00e4\u00e4n ja kokoon katsomatta.<\/p>\t\t\t\t\t\t\t\t<\/div>\n\t\t\t\t<\/div>\n\t\t\t\t<div class=\"elementor-element elementor-element-46f1fb6 elementor-widget elementor-widget-button\" data-id=\"46f1fb6\" data-element_type=\"widget\" data-e-type=\"widget\" data-widget_type=\"button.default\">\n\t\t\t\t<div class=\"elementor-widget-container\">\n\t\t\t\t\t\t\t\t\t<div class=\"elementor-button-wrapper\">\n\t\t\t\t\t<a class=\"elementor-button elementor-button-link elementor-size-sm\" href=\"https:\/\/progames.fi\/fi\/index.php\/yhteystiedot\/\">\n\t\t\t\t\t\t<span class=\"elementor-button-content-wrapper\">\n\t\t\t\t\t\t<span class=\"elementor-button-icon\">\n\t\t\t\t<i aria-hidden=\"true\" class=\"far fa-edit\"><\/i>\t\t\t<\/span>\n\t\t\t\t\t\t\t\t\t<span class=\"elementor-button-text\">J\u00c4T\u00c4 YHTEYDENOTTOPYYNT\u00d6<\/span>\n\t\t\t\t\t<\/span>\n\t\t\t\t\t<\/a>\n\t\t\t\t<\/div>\n\t\t\t\t\t\t\t\t<\/div>\n\t\t\t\t<\/div>\n\t\t\t\t\t<\/div>\n\t\t<\/div>\n\t\t\t\t\t<\/div>\n\t\t<\/section>\n\t\t\t\t<section class=\"elementor-section elementor-top-section elementor-element elementor-element-3ff7891 elementor-section-boxed elementor-section-height-default elementor-section-height-default\" data-id=\"3ff7891\" data-element_type=\"section\" data-e-type=\"section\" data-settings=\"{&quot;background_background&quot;:&quot;gradient&quot;}\">\n\t\t\t\t\t\t<div class=\"elementor-container elementor-column-gap-default\">\n\t\t\t\t\t<div class=\"elementor-column elementor-col-50 elementor-top-column elementor-element elementor-element-2096357\" data-id=\"2096357\" data-element_type=\"column\" data-e-type=\"column\">\n\t\t\t<div class=\"elementor-widget-wrap elementor-element-populated\">\n\t\t\t\t\t\t<div class=\"elementor-element elementor-element-5376015 elementor-widget elementor-widget-image\" data-id=\"5376015\" data-element_type=\"widget\" data-e-type=\"widget\" data-widget_type=\"image.default\">\n\t\t\t\t<div class=\"elementor-widget-container\">\n\t\t\t\t\t\t\t\t\t\t\t\t\t\t\t<img decoding=\"async\" width=\"768\" height=\"768\" src=\"https:\/\/progames.fi\/fi\/wp-content\/uploads\/2023\/02\/JOUKKUEPAIVAT.jpg\" class=\"attachment-large size-large wp-image-887\" alt=\"\" srcset=\"https:\/\/progames.fi\/fi\/wp-content\/uploads\/2023\/02\/JOUKKUEPAIVAT.jpg 768w, https:\/\/progames.fi\/fi\/wp-content\/uploads\/2023\/02\/JOUKKUEPAIVAT-300x300.jpg 300w, https:\/\/progames.fi\/fi\/wp-content\/uploads\/2023\/02\/JOUKKUEPAIVAT-150x150.jpg 150w\" sizes=\"(max-width: 768px) 100vw, 768px\" \/>\t\t\t\t\t\t\t\t\t\t\t\t\t\t\t<\/div>\n\t\t\t\t<\/div>\n\t\t\t\t\t<\/div>\n\t\t<\/div>\n\t\t\t\t<div class=\"elementor-column elementor-col-50 elementor-top-column elementor-element elementor-element-f6bf984\" data-id=\"f6bf984\" data-element_type=\"column\" data-e-type=\"column\">\n\t\t\t<div class=\"elementor-widget-wrap elementor-element-populated\">\n\t\t\t\t\t\t<div class=\"elementor-element elementor-element-ada54ac elementor-widget elementor-widget-heading\" data-id=\"ada54ac\" data-element_type=\"widget\" data-e-type=\"widget\" data-widget_type=\"heading.default\">\n\t\t\t\t<div class=\"elementor-widget-container\">\n\t\t\t\t\t<h2 class=\"elementor-heading-title elementor-size-default\">LIIKUTTAVA LUOKKARETKI<\/h2>\t\t\t\t<\/div>\n\t\t\t\t<\/div>\n\t\t\t\t<div class=\"elementor-element elementor-element-9880ffb elementor-widget elementor-widget-text-editor\" data-id=\"9880ffb\" data-element_type=\"widget\" data-e-type=\"widget\" data-widget_type=\"text-editor.default\">\n\t\t\t\t<div class=\"elementor-widget-container\">\n\t\t\t\t\t\t\t\t\t<p>Paras luokkaretki kohde! Tarjoamme ikimuistoisen luokkaretki kohden.<br \/>Voitte valita luokallanne pelkast\u00e4\u00e4n Paintball tapahtuman , Jossa ryhm\u00e4 jaetaan joukkueisiin, ja pelataan pienimuotoinen paintball turnaus puiston pelikentti\u00e4 vaihdellen.<br \/>Luokkaretekeen \/ joukkuep\u00e4iv\u00e4\u00e4n voi my\u00f6s lis\u00e4t\u00e4 puiston muita aktiviteettej\u00e4, kuten Buggykartingia , kuplafutista, tarkkuusamuntaa, supersumopaina.<br \/>Tiedustele lis\u00e4\u00e4!<\/p>\t\t\t\t\t\t\t\t<\/div>\n\t\t\t\t<\/div>\n\t\t\t\t<div class=\"elementor-element elementor-element-07b7e35 elementor-widget elementor-widget-button\" data-id=\"07b7e35\" data-element_type=\"widget\" data-e-type=\"widget\" data-widget_type=\"button.default\">\n\t\t\t\t<div class=\"elementor-widget-container\">\n\t\t\t\t\t\t\t\t\t<div class=\"elementor-button-wrapper\">\n\t\t\t\t\t<a class=\"elementor-button elementor-button-link elementor-size-sm\" href=\"https:\/\/progames.fi\/fi\/index.php\/yhteystiedot\/\">\n\t\t\t\t\t\t<span class=\"elementor-button-content-wrapper\">\n\t\t\t\t\t\t<span class=\"elementor-button-icon\">\n\t\t\t\t<i aria-hidden=\"true\" class=\"far fa-grin-wink\"><\/i>\t\t\t<\/span>\n\t\t\t\t\t\t\t\t\t<span class=\"elementor-button-text\">TIEDUSTELE LIS\u00c4\u00c4<\/span>\n\t\t\t\t\t<\/span>\n\t\t\t\t\t<\/a>\n\t\t\t\t<\/div>\n\t\t\t\t\t\t\t\t<\/div>\n\t\t\t\t<\/div>\n\t\t\t\t\t<\/div>\n\t\t<\/div>\n\t\t\t\t\t<\/div>\n\t\t<\/section>\n\t\t\t\t<section class=\"elementor-section elementor-top-section elementor-element elementor-element-303d90c elementor-section-boxed elementor-section-height-default elementor-section-height-default\" data-id=\"303d90c\" data-element_type=\"section\" data-e-type=\"section\">\n\t\t\t\t\t\t<div class=\"elementor-container elementor-column-gap-default\">\n\t\t\t\t\t<div class=\"elementor-column elementor-col-100 elementor-top-column elementor-element elementor-element-9112620\" data-id=\"9112620\" data-element_type=\"column\" data-e-type=\"column\">\n\t\t\t<div class=\"elementor-widget-wrap\">\n\t\t\t\t\t\t\t<\/div>\n\t\t<\/div>\n\t\t\t\t\t<\/div>\n\t\t<\/section>\n\t\t\t\t<section class=\"elementor-section elementor-top-section elementor-element elementor-element-c726f1d elementor-section-boxed elementor-section-height-default elementor-section-height-default\" data-id=\"c726f1d\" data-element_type=\"section\" data-e-type=\"section\">\n\t\t\t\t\t\t<div class=\"elementor-container elementor-column-gap-default\">\n\t\t\t\t\t<div class=\"elementor-column elementor-col-50 elementor-top-column elementor-element elementor-element-5a9d349\" data-id=\"5a9d349\" data-element_type=\"column\" data-e-type=\"column\">\n\t\t\t<div class=\"elementor-widget-wrap elementor-element-populated\">\n\t\t\t\t\t\t<div class=\"elementor-element elementor-element-0aa924a elementor-widget elementor-widget-image\" data-id=\"0aa924a\" data-element_type=\"widget\" data-e-type=\"widget\" data-widget_type=\"image.default\">\n\t\t\t\t<div class=\"elementor-widget-container\">\n\t\t\t\t\t\t\t\t\t\t\t\t\t\t\t<img decoding=\"async\" width=\"800\" height=\"600\" src=\"https:\/\/progames.fi\/fi\/wp-content\/uploads\/2021\/07\/paintball-1.jpg\" class=\"attachment-large size-large wp-image-319\" alt=\"\" srcset=\"https:\/\/progames.fi\/fi\/wp-content\/uploads\/2021\/07\/paintball-1.jpg 1000w, https:\/\/progames.fi\/fi\/wp-content\/uploads\/2021\/07\/paintball-1-300x225.jpg 300w, https:\/\/progames.fi\/fi\/wp-content\/uploads\/2021\/07\/paintball-1-768x576.jpg 768w\" sizes=\"(max-width: 800px) 100vw, 800px\" \/>\t\t\t\t\t\t\t\t\t\t\t\t\t\t\t<\/div>\n\t\t\t\t<\/div>\n\t\t\t\t\t<\/div>\n\t\t<\/div>\n\t\t\t\t<div class=\"elementor-column elementor-col-50 elementor-top-column elementor-element elementor-element-0db4a12\" data-id=\"0db4a12\" data-element_type=\"column\" data-e-type=\"column\">\n\t\t\t<div class=\"elementor-widget-wrap elementor-element-populated\">\n\t\t\t\t\t\t<div class=\"elementor-element elementor-element-184371a elementor-widget elementor-widget-image\" data-id=\"184371a\" data-element_type=\"widget\" data-e-type=\"widget\" data-widget_type=\"image.default\">\n\t\t\t\t<div class=\"elementor-widget-container\">\n\t\t\t\t\t\t\t\t\t\t\t\t\t\t\t<img loading=\"lazy\" decoding=\"async\" width=\"800\" height=\"600\" src=\"https:\/\/progames.fi\/fi\/wp-content\/uploads\/2021\/07\/Buggy-karting-rata-1.jpg\" class=\"attachment-large size-large wp-image-318\" alt=\"\" srcset=\"https:\/\/progames.fi\/fi\/wp-content\/uploads\/2021\/07\/Buggy-karting-rata-1.jpg 1000w, https:\/\/progames.fi\/fi\/wp-content\/uploads\/2021\/07\/Buggy-karting-rata-1-300x225.jpg 300w, https:\/\/progames.fi\/fi\/wp-content\/uploads\/2021\/07\/Buggy-karting-rata-1-768x576.jpg 768w\" sizes=\"(max-width: 800px) 100vw, 800px\" \/>\t\t\t\t\t\t\t\t\t\t\t\t\t\t\t<\/div>\n\t\t\t\t<\/div>\n\t\t\t\t\t<\/div>\n\t\t<\/div>\n\t\t\t\t\t<\/div>\n\t\t<\/section>\n\t\t\t\t<section class=\"elementor-section elementor-top-section elementor-element elementor-element-741071f elementor-section-boxed elementor-section-height-default elementor-section-height-default\" data-id=\"741071f\" data-element_type=\"section\" data-e-type=\"section\">\n\t\t\t\t\t\t<div class=\"elementor-container elementor-column-gap-default\">\n\t\t\t\t\t<div class=\"elementor-column elementor-col-50 elementor-top-column elementor-element elementor-element-986a42d\" data-id=\"986a42d\" data-element_type=\"column\" data-e-type=\"column\">\n\t\t\t<div class=\"elementor-widget-wrap elementor-element-populated\">\n\t\t\t\t\t\t<div class=\"elementor-element elementor-element-4940d4b elementor-widget elementor-widget-image\" data-id=\"4940d4b\" data-element_type=\"widget\" data-e-type=\"widget\" data-widget_type=\"image.default\">\n\t\t\t\t<div class=\"elementor-widget-container\">\n\t\t\t\t\t\t\t\t\t\t\t\t\t\t\t<img loading=\"lazy\" decoding=\"async\" width=\"800\" height=\"600\" src=\"https:\/\/progames.fi\/fi\/wp-content\/uploads\/2025\/01\/IMG-20241215-WA0003-1024x768.jpg\" class=\"attachment-large size-large wp-image-1586\" alt=\"\" srcset=\"https:\/\/progames.fi\/fi\/wp-content\/uploads\/2025\/01\/IMG-20241215-WA0003-1024x768.jpg 1024w, https:\/\/progames.fi\/fi\/wp-content\/uploads\/2025\/01\/IMG-20241215-WA0003-300x225.jpg 300w, https:\/\/progames.fi\/fi\/wp-content\/uploads\/2025\/01\/IMG-20241215-WA0003-768x576.jpg 768w, https:\/\/progames.fi\/fi\/wp-content\/uploads\/2025\/01\/IMG-20241215-WA0003-1536x1152.jpg 1536w, https:\/\/progames.fi\/fi\/wp-content\/uploads\/2025\/01\/IMG-20241215-WA0003.jpg 1600w\" sizes=\"(max-width: 800px) 100vw, 800px\" \/>\t\t\t\t\t\t\t\t\t\t\t\t\t\t\t<\/div>\n\t\t\t\t<\/div>\n\t\t\t\t\t<\/div>\n\t\t<\/div>\n\t\t\t\t<div class=\"elementor-column elementor-col-50 elementor-top-column elementor-element elementor-element-c5781e5\" data-id=\"c5781e5\" data-element_type=\"column\" data-e-type=\"column\">\n\t\t\t<div class=\"elementor-widget-wrap elementor-element-populated\">\n\t\t\t\t\t\t<div class=\"elementor-element elementor-element-9d47d19 elementor-widget elementor-widget-image\" data-id=\"9d47d19\" data-element_type=\"widget\" data-e-type=\"widget\" data-widget_type=\"image.default\">\n\t\t\t\t<div class=\"elementor-widget-container\">\n\t\t\t\t\t\t\t\t\t\t\t\t\t\t\t<img loading=\"lazy\" decoding=\"async\" width=\"800\" height=\"600\" src=\"https:\/\/progames.fi\/fi\/wp-content\/uploads\/2021\/07\/kuplafutis-aikuisten.jpg\" class=\"attachment-large size-large wp-image-309\" alt=\"\" srcset=\"https:\/\/progames.fi\/fi\/wp-content\/uploads\/2021\/07\/kuplafutis-aikuisten.jpg 1000w, https:\/\/progames.fi\/fi\/wp-content\/uploads\/2021\/07\/kuplafutis-aikuisten-300x225.jpg 300w, https:\/\/progames.fi\/fi\/wp-content\/uploads\/2021\/07\/kuplafutis-aikuisten-768x576.jpg 768w\" sizes=\"(max-width: 800px) 100vw, 800px\" \/>\t\t\t\t\t\t\t\t\t\t\t\t\t\t\t<\/div>\n\t\t\t\t<\/div>\n\t\t\t\t\t<\/div>\n\t\t<\/div>\n\t\t\t\t\t<\/div>\n\t\t<\/section>\n\t\t\t\t<section class=\"elementor-section elementor-top-section elementor-element elementor-element-4f6829b elementor-section-boxed elementor-section-height-default elementor-section-height-default\" data-id=\"4f6829b\" data-element_type=\"section\" data-e-type=\"section\" data-settings=\"{&quot;background_background&quot;:&quot;gradient&quot;}\">\n\t\t\t\t\t\t<div class=\"elementor-container elementor-column-gap-default\">\n\t\t\t\t\t<header class=\"elementor-column elementor-col-100 elementor-top-column elementor-element elementor-element-bf86162\" data-id=\"bf86162\" data-element_type=\"column\" data-e-type=\"column\">\n\t\t\t<div class=\"elementor-widget-wrap elementor-element-populated\">\n\t\t\t\t\t\t<section class=\"elementor-section elementor-inner-section elementor-element elementor-element-6a46dba elementor-section-boxed elementor-section-height-default elementor-section-height-default\" data-id=\"6a46dba\" data-element_type=\"section\" data-e-type=\"section\">\n\t\t\t\t\t\t<div class=\"elementor-container elementor-column-gap-default\">\n\t\t\t\t\t<div class=\"elementor-column elementor-col-50 elementor-inner-column elementor-element elementor-element-75d87ae\" data-id=\"75d87ae\" data-element_type=\"column\" data-e-type=\"column\">\n\t\t\t<div class=\"elementor-widget-wrap elementor-element-populated\">\n\t\t\t\t\t\t<div class=\"elementor-element elementor-element-8930f5c elementor-widget elementor-widget-text-editor\" data-id=\"8930f5c\" data-element_type=\"widget\" data-e-type=\"widget\" data-widget_type=\"text-editor.default\">\n\t\t\t\t<div class=\"elementor-widget-container\">\n\t\t\t\t\t\t\t\t\t<p>Itse seikkailuun ja pelailuun kannattaa varata v\u00e4hint\u00e4\u00e4n 2 tuntia. Lis\u00e4ksi mik\u00e4li haluatte tilata luokallenne ruokailua, niin siihen suosittelemme varaamaan noin tunti lis\u00e4\u00e4.<br \/>Pieni sade ei haittaa seikkailua ja mukaan kannattaakin varata s\u00e4\u00e4nmukainen vaatetus sek\u00e4 tukevapohjaiset keng\u00e4t (ei sandaalit, Crocs jne.).Paintball puistoon kuuluu pelaaja varusteisiin haalarin,p\u00e4\u00e4hineen,maskin ja rintapanssarin sek\u00e4 hanskat. Puistossa on l\u00e4mmin pukuhuone, katettu terassi p\u00f6ytineen, sek\u00e4 pieni paintball liike jossa p\u00f6yti\u00e4 ja istumapaikkoja noin 25 henkil\u00f6lle.<\/p>\t\t\t\t\t\t\t\t<\/div>\n\t\t\t\t<\/div>\n\t\t\t\t\t<\/div>\n\t\t<\/div>\n\t\t\t\t<div class=\"elementor-column elementor-col-50 elementor-inner-column elementor-element elementor-element-1b4d540\" data-id=\"1b4d540\" data-element_type=\"column\" data-e-type=\"column\">\n\t\t\t<div class=\"elementor-widget-wrap elementor-element-populated\">\n\t\t\t\t\t\t<div class=\"elementor-element elementor-element-96b3d60 elementor-widget elementor-widget-text-editor\" data-id=\"96b3d60\" data-element_type=\"widget\" data-e-type=\"widget\" data-widget_type=\"text-editor.default\">\n\t\t\t\t<div class=\"elementor-widget-container\">\n\t\t\t\t\t\t\t\t\t<p>Koska paintball seikkailu kohentaa niin henkist\u00e4 kuin fyysist\u00e4kin hyvinvointia, se sopii hyvin my\u00f6s liikuntatuntien aktiviteetiksi. Teemme mielell\u00e4mme yhteisty\u00f6t\u00e4 koulujen kanssa.<\/p><p><strong>Puistossa on.<\/strong><br \/><strong>\u2013 Suna ja pesumahdollisuus.<\/strong><br \/><strong>\u2013 Grillaus mahdollisuus kaasugrilli tai el\u00e4myskodan k\u00e4ytt\u00f6 vapaasti.<\/strong><br \/><strong>\u2013 Katettuja terasseja<\/strong><br \/><strong>\u2013 L\u00e4mminpukuhuone<\/strong><br \/><strong>\u2013 Sis\u00e4tilat jossa istumapakkoja noin 25 hengelle.<\/strong><br \/><strong>\u2013 Kes\u00e4 kahvila josta saa ostaa virvokkeita.<\/strong><\/p>\t\t\t\t\t\t\t\t<\/div>\n\t\t\t\t<\/div>\n\t\t\t\t\t<\/div>\n\t\t<\/div>\n\t\t\t\t\t<\/div>\n\t\t<\/section>\n\t\t\t\t\t<\/div>\n\t\t<\/header>\n\t\t\t\t\t<\/div>\n\t\t<\/section>\n\t\t\t\t<\/div>\n\t\t","protected":false},"excerpt":{"rendered":"<p>Joukkueet ja Seurat &#8221; Kiitos tapahtumasta ProGames Paintball puistossa.Kaikki viihtyiv\u00e4t erinomaisesti. Parasta kuin valmentajatkin p\u00e4\u00e4siv\u00e4t mukaan peleihin. Tulemme varmasti uudestaan!&#8221; EPS Espoon palloseura JOUKKUEP\u00c4IV\u00c4 Kun on aika kohottaa joukkueen yhteishenke\u00e4, polkaista kausi k\u00e4yntiin, tai kruunata se riemukkaasti tai palkita porukka muuten vain,tai seuran p\u00e4\u00e4t\u00f6stapahtumat.Sopii ProGames Paintball puisto t\u00e4h\u00e4n tarkoitukseen paremmin kuin hyvin. ProGames paintball puistossa [&hellip;]<\/p>\n","protected":false},"author":1,"featured_media":0,"parent":0,"menu_order":0,"comment_status":"closed","ping_status":"closed","template":"","meta":{"footnotes":""},"class_list":["post-271","page","type-page","status-publish","hentry"],"_links":{"self":[{"href":"https:\/\/progames.fi\/fi\/index.php\/wp-json\/wp\/v2\/pages\/271","targetHints":{"allow":["GET"]}}],"collection":[{"href":"https:\/\/progames.fi\/fi\/index.php\/wp-json\/wp\/v2\/pages"}],"about":[{"href":"https:\/\/progames.fi\/fi\/index.php\/wp-json\/wp\/v2\/types\/page"}],"author":[{"embeddable":true,"href":"https:\/\/progames.fi\/fi\/index.php\/wp-json\/wp\/v2\/users\/1"}],"replies":[{"embeddable":true,"href":"https:\/\/progames.fi\/fi\/index.php\/wp-json\/wp\/v2\/comments?post=271"}],"version-history":[{"count":47,"href":"https:\/\/progames.fi\/fi\/index.php\/wp-json\/wp\/v2\/pages\/271\/revisions"}],"predecessor-version":[{"id":2099,"href":"https:\/\/progames.fi\/fi\/index.php\/wp-json\/wp\/v2\/pages\/271\/revisions\/2099"}],"wp:attachment":[{"href":"https:\/\/progames.fi\/fi\/index.php\/wp-json\/wp\/v2\/media?parent=271"}],"curies":[{"name":"wp","href":"https:\/\/api.w.org\/{rel}","templated":true}]}}