{"id":266,"date":"2021-07-23T18:04:34","date_gmt":"2021-07-23T16:04:34","guid":{"rendered":"https:\/\/progames.fi\/fi\/?page_id=266"},"modified":"2025-11-02T20:55:21","modified_gmt":"2025-11-02T18:55:21","slug":"aikuisten-paintball","status":"publish","type":"page","link":"https:\/\/progames.fi\/fi\/index.php\/aikuisten-paintball\/","title":{"rendered":"Aikuisten paintball"},"content":{"rendered":"\t\t<div data-elementor-type=\"wp-page\" data-elementor-id=\"266\" class=\"elementor elementor-266\" data-elementor-post-type=\"page\">\n\t\t\t\t\t\t<section class=\"elementor-section elementor-top-section elementor-element elementor-element-419baf5 elementor-section-height-min-height elementor-section-content-middle elementor-section-full_width elementor-section-height-default elementor-section-items-middle\" data-id=\"419baf5\" data-element_type=\"section\" data-e-type=\"section\" data-settings=\"{&quot;background_background&quot;:&quot;classic&quot;}\">\n\t\t\t\t\t\t\t<div class=\"elementor-background-overlay\"><\/div>\n\t\t\t\t\t\t\t<div class=\"elementor-container elementor-column-gap-no\">\n\t\t\t\t\t<div class=\"elementor-column elementor-col-100 elementor-top-column elementor-element elementor-element-af06222\" data-id=\"af06222\" data-element_type=\"column\" data-e-type=\"column\">\n\t\t\t<div class=\"elementor-widget-wrap elementor-element-populated\">\n\t\t\t\t\t\t<div class=\"elementor-element elementor-element-62d0d88 elementor-widget elementor-widget-heading\" data-id=\"62d0d88\" data-element_type=\"widget\" data-e-type=\"widget\" data-widget_type=\"heading.default\">\n\t\t\t\t<div class=\"elementor-widget-container\">\n\t\t\t\t\t<h2 class=\"elementor-heading-title elementor-size-default\">PAINTBALL<\/h2>\t\t\t\t<\/div>\n\t\t\t\t<\/div>\n\t\t\t\t<div class=\"elementor-element elementor-element-3a63710a elementor-widget elementor-widget-text-editor\" data-id=\"3a63710a\" data-element_type=\"widget\" data-e-type=\"widget\" data-widget_type=\"text-editor.default\">\n\t\t\t\t<div class=\"elementor-widget-container\">\n\t\t\t\t\t\t\t\t\t<p>Hy\u00f6tyliikuntaa parhaimmillaan<\/p>\t\t\t\t\t\t\t\t<\/div>\n\t\t\t\t<\/div>\n\t\t\t\t\t<\/div>\n\t\t<\/div>\n\t\t\t\t\t<\/div>\n\t\t<\/section>\n\t\t\t\t<section class=\"elementor-section elementor-top-section elementor-element elementor-element-6250845 elementor-section-boxed elementor-section-height-default elementor-section-height-default\" data-id=\"6250845\" data-element_type=\"section\" data-e-type=\"section\">\n\t\t\t\t\t\t<div class=\"elementor-container elementor-column-gap-default\">\n\t\t\t\t\t<div class=\"elementor-column elementor-col-100 elementor-top-column elementor-element elementor-element-285b013\" data-id=\"285b013\" data-element_type=\"column\" data-e-type=\"column\">\n\t\t\t<div class=\"elementor-widget-wrap elementor-element-populated\">\n\t\t\t\t\t\t<div class=\"elementor-element elementor-element-c4676d1 elementor-widget elementor-widget-heading\" data-id=\"c4676d1\" data-element_type=\"widget\" data-e-type=\"widget\" data-widget_type=\"heading.default\">\n\t\t\t\t<div class=\"elementor-widget-container\">\n\t\t\t\t\t<h2 class=\"elementor-heading-title elementor-size-default\">Oletko jo kokeillut? Uskallatko?<\/h2>\t\t\t\t<\/div>\n\t\t\t\t<\/div>\n\t\t\t\t<section class=\"elementor-section elementor-inner-section elementor-element elementor-element-2bd11b5 elementor-section-boxed elementor-section-height-default elementor-section-height-default\" data-id=\"2bd11b5\" data-element_type=\"section\" data-e-type=\"section\">\n\t\t\t\t\t\t<div class=\"elementor-container elementor-column-gap-default\">\n\t\t\t\t\t<div class=\"elementor-column elementor-col-33 elementor-inner-column elementor-element elementor-element-8214d9a\" data-id=\"8214d9a\" data-element_type=\"column\" data-e-type=\"column\">\n\t\t\t<div class=\"elementor-widget-wrap elementor-element-populated\">\n\t\t\t\t\t\t<div class=\"elementor-element elementor-element-ee62ec9 elementor-widget elementor-widget-text-editor\" data-id=\"ee62ec9\" data-element_type=\"widget\" data-e-type=\"widget\" data-widget_type=\"text-editor.default\">\n\t\t\t\t<div class=\"elementor-widget-container\">\n\t\t\t\t\t\t\t\t\t<p>Paintball on siit\u00e4 mainio laji ett\u00e4 se sopii kaikille. Pelikentill\u00e4mme voi liikkua omaan haluamansa tahtiin.<\/p>\t\t\t\t\t\t\t\t<\/div>\n\t\t\t\t<\/div>\n\t\t\t\t\t<\/div>\n\t\t<\/div>\n\t\t\t\t<div class=\"elementor-column elementor-col-33 elementor-inner-column elementor-element elementor-element-0ca7924\" data-id=\"0ca7924\" data-element_type=\"column\" data-e-type=\"column\">\n\t\t\t<div class=\"elementor-widget-wrap elementor-element-populated\">\n\t\t\t\t\t\t<div class=\"elementor-element elementor-element-f62e802 elementor-widget elementor-widget-text-editor\" data-id=\"f62e802\" data-element_type=\"widget\" data-e-type=\"widget\" data-widget_type=\"text-editor.default\">\n\t\t\t\t<div class=\"elementor-widget-container\">\n\t\t\t\t\t\t\t\t\t<p>Paintball pelej\u00e4 varten ei tarvitse aikasempaa kokemusta. Henkil\u00f6kunta opastaa ja neuvoo alkuun paikanp\u00e4\u00e4ll\u00e4.<\/p>\t\t\t\t\t\t\t\t<\/div>\n\t\t\t\t<\/div>\n\t\t\t\t\t<\/div>\n\t\t<\/div>\n\t\t\t\t<div class=\"elementor-column elementor-col-33 elementor-inner-column elementor-element elementor-element-ab3df60\" data-id=\"ab3df60\" data-element_type=\"column\" data-e-type=\"column\">\n\t\t\t<div class=\"elementor-widget-wrap elementor-element-populated\">\n\t\t\t\t\t\t<div class=\"elementor-element elementor-element-2431cc7 elementor-widget elementor-widget-text-editor\" data-id=\"2431cc7\" data-element_type=\"widget\" data-e-type=\"widget\" data-widget_type=\"text-editor.default\">\n\t\t\t\t<div class=\"elementor-widget-container\">\n\t\t\t\t\t\t\t\t\t<p>Vuokraamosta l\u00f6ytyy sopivia varusteita joka ryhm\u00e4lle. Perhe ja enisikertalaisille suositellaan meid\u00e4 \u201cLITE\u201d varusteet.<\/p>\t\t\t\t\t\t\t\t<\/div>\n\t\t\t\t<\/div>\n\t\t\t\t\t<\/div>\n\t\t<\/div>\n\t\t\t\t\t<\/div>\n\t\t<\/section>\n\t\t\t\t\t<\/div>\n\t\t<\/div>\n\t\t\t\t\t<\/div>\n\t\t<\/section>\n\t\t\t\t<section class=\"elementor-section elementor-top-section elementor-element elementor-element-f0bb6a4 elementor-section-boxed elementor-section-height-default elementor-section-height-default\" data-id=\"f0bb6a4\" data-element_type=\"section\" data-e-type=\"section\">\n\t\t\t\t\t\t<div class=\"elementor-container elementor-column-gap-default\">\n\t\t\t\t\t<div class=\"elementor-column elementor-col-50 elementor-top-column elementor-element elementor-element-280a13f\" data-id=\"280a13f\" data-element_type=\"column\" data-e-type=\"column\">\n\t\t\t<div class=\"elementor-widget-wrap elementor-element-populated\">\n\t\t\t\t\t\t<div class=\"elementor-element elementor-element-571d9dc elementor-widget elementor-widget-image\" data-id=\"571d9dc\" data-element_type=\"widget\" data-e-type=\"widget\" data-widget_type=\"image.default\">\n\t\t\t\t<div class=\"elementor-widget-container\">\n\t\t\t\t\t\t\t\t\t\t\t\t\t\t\t<img fetchpriority=\"high\" decoding=\"async\" width=\"800\" height=\"534\" src=\"https:\/\/progames.fi\/fi\/wp-content\/uploads\/2024\/08\/20170129_UWL-Paintball_0933-X5-e1486597775702.jpg\" class=\"attachment-large size-large wp-image-1355\" alt=\"\" srcset=\"https:\/\/progames.fi\/fi\/wp-content\/uploads\/2024\/08\/20170129_UWL-Paintball_0933-X5-e1486597775702.jpg 1000w, https:\/\/progames.fi\/fi\/wp-content\/uploads\/2024\/08\/20170129_UWL-Paintball_0933-X5-e1486597775702-300x200.jpg 300w, https:\/\/progames.fi\/fi\/wp-content\/uploads\/2024\/08\/20170129_UWL-Paintball_0933-X5-e1486597775702-768x512.jpg 768w\" sizes=\"(max-width: 800px) 100vw, 800px\" \/>\t\t\t\t\t\t\t\t\t\t\t\t\t\t\t<\/div>\n\t\t\t\t<\/div>\n\t\t\t\t\t<\/div>\n\t\t<\/div>\n\t\t\t\t<div class=\"elementor-column elementor-col-50 elementor-top-column elementor-element elementor-element-9febbc8\" data-id=\"9febbc8\" data-element_type=\"column\" data-e-type=\"column\">\n\t\t\t<div class=\"elementor-widget-wrap elementor-element-populated\">\n\t\t\t\t\t\t<div class=\"elementor-element elementor-element-b1af7ef elementor-widget elementor-widget-image\" data-id=\"b1af7ef\" data-element_type=\"widget\" data-e-type=\"widget\" data-widget_type=\"image.default\">\n\t\t\t\t<div class=\"elementor-widget-container\">\n\t\t\t\t\t\t\t\t\t\t\t\t\t\t\t<img decoding=\"async\" width=\"800\" height=\"600\" src=\"https:\/\/progames.fi\/fi\/wp-content\/uploads\/2021\/07\/paintball-turnaus.jpg\" class=\"attachment-large size-large wp-image-303\" alt=\"\" srcset=\"https:\/\/progames.fi\/fi\/wp-content\/uploads\/2021\/07\/paintball-turnaus.jpg 1000w, https:\/\/progames.fi\/fi\/wp-content\/uploads\/2021\/07\/paintball-turnaus-300x225.jpg 300w, https:\/\/progames.fi\/fi\/wp-content\/uploads\/2021\/07\/paintball-turnaus-768x576.jpg 768w\" sizes=\"(max-width: 800px) 100vw, 800px\" \/>\t\t\t\t\t\t\t\t\t\t\t\t\t\t\t<\/div>\n\t\t\t\t<\/div>\n\t\t\t\t\t<\/div>\n\t\t<\/div>\n\t\t\t\t\t<\/div>\n\t\t<\/section>\n\t\t\t\t<section class=\"elementor-section elementor-top-section elementor-element elementor-element-54957a9 elementor-section-boxed elementor-section-height-default elementor-section-height-default\" data-id=\"54957a9\" data-element_type=\"section\" data-e-type=\"section\" data-settings=\"{&quot;background_background&quot;:&quot;gradient&quot;}\">\n\t\t\t\t\t\t<div class=\"elementor-container elementor-column-gap-default\">\n\t\t\t\t\t<div class=\"elementor-column elementor-col-100 elementor-top-column elementor-element elementor-element-0c56ad0\" data-id=\"0c56ad0\" data-element_type=\"column\" data-e-type=\"column\">\n\t\t\t<div class=\"elementor-widget-wrap elementor-element-populated\">\n\t\t\t\t\t\t<div class=\"elementor-element elementor-element-b0e9524 elementor-widget elementor-widget-heading\" data-id=\"b0e9524\" data-element_type=\"widget\" data-e-type=\"widget\" data-widget_type=\"heading.default\">\n\t\t\t\t<div class=\"elementor-widget-container\">\n\t\t\t\t\t<h2 class=\"elementor-heading-title elementor-size-default\">ProGames Paintballpuisto!<\/h2>\t\t\t\t<\/div>\n\t\t\t\t<\/div>\n\t\t\t\t<section class=\"elementor-section elementor-inner-section elementor-element elementor-element-cad429e elementor-section-boxed elementor-section-height-default elementor-section-height-default\" data-id=\"cad429e\" data-element_type=\"section\" data-e-type=\"section\">\n\t\t\t\t\t\t<div class=\"elementor-container elementor-column-gap-default\">\n\t\t\t\t\t<div class=\"elementor-column elementor-col-50 elementor-inner-column elementor-element elementor-element-1359919\" data-id=\"1359919\" data-element_type=\"column\" data-e-type=\"column\">\n\t\t\t<div class=\"elementor-widget-wrap elementor-element-populated\">\n\t\t\t\t\t\t<div class=\"elementor-element elementor-element-cd7da11 elementor-widget elementor-widget-text-editor\" data-id=\"cd7da11\" data-element_type=\"widget\" data-e-type=\"widget\" data-widget_type=\"text-editor.default\">\n\t\t\t\t<div class=\"elementor-widget-container\">\n\t\t\t\t\t\t\t\t\t<p>Meill\u00e4 paintball pelaaminen on tehty helpoksi. Vuokraamosta saat nopeasti varusteet . Ryhm\u00e4 voi valita LITE varusteet tai BASIC v\u00e4lineet. LITE v\u00e4lineet k\u00e4ytt\u00e4\u00e4 pienempi v\u00e4ripallo ja nopeus hieman hitaampi. Jolloin v\u00e4ripallon osuma on kevyempi. Basic varusteet on v\u00e4rikuula merkkaimet jotka k\u00e4ytt\u00e4\u00e4 normaalia 68 caliberin v\u00e4ripalloja. Lue my\u00f6s\u00a0<strong>HYV\u00c4 TIET\u00c4\u00c4<\/strong>\u00a0sivua jos olet tulossa kokeilemaan ensinmm\u00e4ist\u00e4 kertaa.<\/p>\t\t\t\t\t\t\t\t<\/div>\n\t\t\t\t<\/div>\n\t\t\t\t\t<\/div>\n\t\t<\/div>\n\t\t\t\t<div class=\"elementor-column elementor-col-50 elementor-inner-column elementor-element elementor-element-53e7ab1\" data-id=\"53e7ab1\" data-element_type=\"column\" data-e-type=\"column\">\n\t\t\t<div class=\"elementor-widget-wrap elementor-element-populated\">\n\t\t\t\t\t\t<div class=\"elementor-element elementor-element-2f83a96 elementor-widget elementor-widget-text-editor\" data-id=\"2f83a96\" data-element_type=\"widget\" data-e-type=\"widget\" data-widget_type=\"text-editor.default\">\n\t\t\t\t<div class=\"elementor-widget-container\">\n\t\t\t\t\t\t\t\t\t<p>Puistosta voi my\u00f6s vuokrata helposti kotiin varusteet. Esimerkiksi kes\u00e4m\u00f6kki viikonloppu reissulle vauhdikasta tekemist\u00e4. Varusteet pakataan valmiiksi laukkuihin noutoa varten. Soita asiakaspalveluumme 0404133652 tai voit helposti my\u00f6s s.postilla\u00a0 tehd\u00e4 varaus. progames@progames.fi<\/p>\t\t\t\t\t\t\t\t<\/div>\n\t\t\t\t<\/div>\n\t\t\t\t\t<\/div>\n\t\t<\/div>\n\t\t\t\t\t<\/div>\n\t\t<\/section>\n\t\t\t\t\t<\/div>\n\t\t<\/div>\n\t\t\t\t\t<\/div>\n\t\t<\/section>\n\t\t\t\t<\/div>\n\t\t","protected":false},"excerpt":{"rendered":"<p>PAINTBALL Hy\u00f6tyliikuntaa parhaimmillaan Oletko jo kokeillut? Uskallatko? Paintball on siit\u00e4 mainio laji ett\u00e4 se sopii kaikille. Pelikentill\u00e4mme voi liikkua omaan haluamansa tahtiin. Paintball pelej\u00e4 varten ei tarvitse aikasempaa kokemusta. Henkil\u00f6kunta opastaa ja neuvoo alkuun paikanp\u00e4\u00e4ll\u00e4. Vuokraamosta l\u00f6ytyy sopivia varusteita joka ryhm\u00e4lle. Perhe ja enisikertalaisille suositellaan meid\u00e4 \u201cLITE\u201d varusteet. ProGames Paintballpuisto! Meill\u00e4 paintball pelaaminen on tehty [&hellip;]<\/p>\n","protected":false},"author":1,"featured_media":0,"parent":0,"menu_order":0,"comment_status":"closed","ping_status":"closed","template":"","meta":{"footnotes":""},"class_list":["post-266","page","type-page","status-publish","hentry"],"_links":{"self":[{"href":"https:\/\/progames.fi\/fi\/index.php\/wp-json\/wp\/v2\/pages\/266","targetHints":{"allow":["GET"]}}],"collection":[{"href":"https:\/\/progames.fi\/fi\/index.php\/wp-json\/wp\/v2\/pages"}],"about":[{"href":"https:\/\/progames.fi\/fi\/index.php\/wp-json\/wp\/v2\/types\/page"}],"author":[{"embeddable":true,"href":"https:\/\/progames.fi\/fi\/index.php\/wp-json\/wp\/v2\/users\/1"}],"replies":[{"embeddable":true,"href":"https:\/\/progames.fi\/fi\/index.php\/wp-json\/wp\/v2\/comments?post=266"}],"version-history":[{"count":55,"href":"https:\/\/progames.fi\/fi\/index.php\/wp-json\/wp\/v2\/pages\/266\/revisions"}],"predecessor-version":[{"id":2114,"href":"https:\/\/progames.fi\/fi\/index.php\/wp-json\/wp\/v2\/pages\/266\/revisions\/2114"}],"wp:attachment":[{"href":"https:\/\/progames.fi\/fi\/index.php\/wp-json\/wp\/v2\/media?parent=266"}],"curies":[{"name":"wp","href":"https:\/\/api.w.org\/{rel}","templated":true}]}}