{"id":261,"date":"2021-07-23T18:03:57","date_gmt":"2021-07-23T16:03:57","guid":{"rendered":"https:\/\/progames.fi\/fi\/?page_id=261"},"modified":"2025-04-20T08:13:05","modified_gmt":"2025-04-20T06:13:05","slug":"junnu-paintball","status":"publish","type":"page","link":"https:\/\/progames.fi\/fi\/index.php\/junnu-paintball\/","title":{"rendered":"Paintball Klubi"},"content":{"rendered":"\t\t<div data-elementor-type=\"wp-page\" data-elementor-id=\"261\" class=\"elementor elementor-261\" data-elementor-post-type=\"page\">\n\t\t\t\t\t\t<section class=\"elementor-section elementor-top-section elementor-element elementor-element-61f6a90d elementor-section-height-min-height elementor-section-boxed elementor-section-height-default elementor-section-items-middle\" data-id=\"61f6a90d\" data-element_type=\"section\" data-e-type=\"section\" data-settings=\"{&quot;background_background&quot;:&quot;classic&quot;}\">\n\t\t\t\t\t\t\t<div class=\"elementor-background-overlay\"><\/div>\n\t\t\t\t\t\t\t<div class=\"elementor-container elementor-column-gap-no\">\n\t\t\t\t\t<div class=\"elementor-column elementor-col-100 elementor-top-column elementor-element elementor-element-5c507da7\" data-id=\"5c507da7\" data-element_type=\"column\" data-e-type=\"column\">\n\t\t\t<div class=\"elementor-widget-wrap elementor-element-populated\">\n\t\t\t\t\t\t<div class=\"elementor-element elementor-element-5c6354a7 elementor-headline--style-rotate elementor-widget elementor-widget-animated-headline\" data-id=\"5c6354a7\" data-element_type=\"widget\" data-e-type=\"widget\" data-settings=\"{&quot;headline_style&quot;:&quot;rotate&quot;,&quot;animation_type&quot;:&quot;slide&quot;,&quot;rotating_text&quot;:&quot;Paintballklubi&quot;,&quot;loop&quot;:&quot;yes&quot;,&quot;rotate_iteration_delay&quot;:2500}\" data-widget_type=\"animated-headline.default\">\n\t\t\t\t<div class=\"elementor-widget-container\">\n\t\t\t\t\t\t\t<h2 class=\"elementor-headline elementor-headline-animation-type-slide\">\n\t\t\t\t<span class=\"elementor-headline-dynamic-wrapper elementor-headline-text-wrapper\">\n\t\t\t\t\t<span class=\"elementor-headline-dynamic-text elementor-headline-text-active\">\n\t\t\t\tPaintballklubi\t\t\t<\/span>\n\t\t\t\t\t\t<\/span>\n\t\t\t\t<\/h2>\n\t\t\t\t\t\t<\/div>\n\t\t\t\t<\/div>\n\t\t\t\t\t<\/div>\n\t\t<\/div>\n\t\t\t\t\t<\/div>\n\t\t<\/section>\n\t\t\t\t<section class=\"elementor-section elementor-top-section elementor-element elementor-element-05b0fb3 elementor-section-boxed elementor-section-height-default elementor-section-height-default\" data-id=\"05b0fb3\" data-element_type=\"section\" data-e-type=\"section\">\n\t\t\t\t\t\t<div class=\"elementor-container elementor-column-gap-default\">\n\t\t\t\t\t<div class=\"elementor-column elementor-col-100 elementor-top-column elementor-element elementor-element-cad2ffb\" data-id=\"cad2ffb\" data-element_type=\"column\" data-e-type=\"column\">\n\t\t\t<div class=\"elementor-widget-wrap elementor-element-populated\">\n\t\t\t\t\t\t<div class=\"elementor-element elementor-element-198a85a elementor-widget elementor-widget-heading\" data-id=\"198a85a\" data-element_type=\"widget\" data-e-type=\"widget\" data-widget_type=\"heading.default\">\n\t\t\t\t<div class=\"elementor-widget-container\">\n\t\t\t\t\t<h2 class=\"elementor-heading-title elementor-size-default\">Joka Keskiviikko tule mukaan!<\/h2>\t\t\t\t<\/div>\n\t\t\t\t<\/div>\n\t\t\t\t<section class=\"elementor-section elementor-inner-section elementor-element elementor-element-254642d elementor-section-boxed elementor-section-height-default elementor-section-height-default\" data-id=\"254642d\" data-element_type=\"section\" data-e-type=\"section\">\n\t\t\t\t\t\t<div class=\"elementor-container elementor-column-gap-default\">\n\t\t\t\t\t<div class=\"elementor-column elementor-col-33 elementor-inner-column elementor-element elementor-element-99e723d\" data-id=\"99e723d\" data-element_type=\"column\" data-e-type=\"column\">\n\t\t\t<div class=\"elementor-widget-wrap elementor-element-populated\">\n\t\t\t\t\t\t<div class=\"elementor-element elementor-element-4fd55d1 elementor-widget elementor-widget-heading\" data-id=\"4fd55d1\" data-element_type=\"widget\" data-e-type=\"widget\" data-widget_type=\"heading.default\">\n\t\t\t\t<div class=\"elementor-widget-container\">\n\t\t\t\t\t<h2 class=\"elementor-heading-title elementor-size-default\">Paintball klubi 2025<\/h2>\t\t\t\t<\/div>\n\t\t\t\t<\/div>\n\t\t\t\t<div class=\"elementor-element elementor-element-99637f6 elementor-widget elementor-widget-text-editor\" data-id=\"99637f6\" data-element_type=\"widget\" data-e-type=\"widget\" data-widget_type=\"text-editor.default\">\n\t\t\t\t<div class=\"elementor-widget-container\">\n\t\t\t\t\t\t\t\t\t<p><strong>\u00a0<\/strong><\/p><p>Nuorten paintball-harrastusmahdollisuus joka keskiviikko kello 17.00-18.30. <br \/>Keskiviikko klubi j\u00e4rjestet\u00e4\u00e4n joka keskiviikko marraskuun loppuun asti kaudella -25 ja pelit jatkuu talvitauon j\u00e4lkeen 27.4.2025. Ilmoittautumalla ennakkoon varmistat p\u00e4\u00e4syn peleihin. <br \/>Peliasuksi k\u00e4y omat urheiluvaatteet, jotka saa likaantua (tai voi vuokrata maastohaalarit 6 \u20ac\/kpl). Tarjoamme suojamaskin, hanskat ja p\u00e4\u00e4hineen tapahtumaan osallistuville. Samoin rintapanssareita on saatavilla lainaan veloituksetta, jos osumat j\u00e4nnitt\u00e4v\u00e4t ensikertalaista <img decoding=\"async\" class=\"emoji\" role=\"img\" draggable=\"false\" src=\"https:\/\/s.w.org\/images\/core\/emoji\/14.0.0\/svg\/1f642.svg\" alt=\"\ud83d\ude42\" \/><\/p>\t\t\t\t\t\t\t\t<\/div>\n\t\t\t\t<\/div>\n\t\t\t\t<div class=\"elementor-element elementor-element-d88598e elementor-widget-divider--view-line elementor-widget elementor-widget-divider\" data-id=\"d88598e\" data-element_type=\"widget\" data-e-type=\"widget\" data-widget_type=\"divider.default\">\n\t\t\t\t<div class=\"elementor-widget-container\">\n\t\t\t\t\t\t\t<div class=\"elementor-divider\">\n\t\t\t<span class=\"elementor-divider-separator\">\n\t\t\t\t\t\t<\/span>\n\t\t<\/div>\n\t\t\t\t\t\t<\/div>\n\t\t\t\t<\/div>\n\t\t\t\t\t<\/div>\n\t\t<\/div>\n\t\t\t\t<div class=\"elementor-column elementor-col-33 elementor-inner-column elementor-element elementor-element-db38f2c\" data-id=\"db38f2c\" data-element_type=\"column\" data-e-type=\"column\">\n\t\t\t<div class=\"elementor-widget-wrap elementor-element-populated\">\n\t\t\t\t\t\t<div class=\"elementor-element elementor-element-1090050 elementor-widget elementor-widget-image\" data-id=\"1090050\" data-element_type=\"widget\" data-e-type=\"widget\" data-widget_type=\"image.default\">\n\t\t\t\t<div class=\"elementor-widget-container\">\n\t\t\t\t\t\t\t\t\t\t\t\t\t\t\t<img fetchpriority=\"high\" decoding=\"async\" width=\"800\" height=\"800\" src=\"https:\/\/progames.fi\/fi\/wp-content\/uploads\/2023\/11\/395450622_205001955959485_2330261895262406562_n-1024x1024.jpg\" class=\"attachment-large size-large wp-image-1106\" alt=\"\" srcset=\"https:\/\/progames.fi\/fi\/wp-content\/uploads\/2023\/11\/395450622_205001955959485_2330261895262406562_n-1024x1024.jpg 1024w, https:\/\/progames.fi\/fi\/wp-content\/uploads\/2023\/11\/395450622_205001955959485_2330261895262406562_n-300x300.jpg 300w, https:\/\/progames.fi\/fi\/wp-content\/uploads\/2023\/11\/395450622_205001955959485_2330261895262406562_n-150x150.jpg 150w, https:\/\/progames.fi\/fi\/wp-content\/uploads\/2023\/11\/395450622_205001955959485_2330261895262406562_n-768x768.jpg 768w, https:\/\/progames.fi\/fi\/wp-content\/uploads\/2023\/11\/395450622_205001955959485_2330261895262406562_n.jpg 1400w\" sizes=\"(max-width: 800px) 100vw, 800px\" \/>\t\t\t\t\t\t\t\t\t\t\t\t\t\t\t<\/div>\n\t\t\t\t<\/div>\n\t\t\t\t\t<\/div>\n\t\t<\/div>\n\t\t\t\t<div class=\"elementor-column elementor-col-33 elementor-inner-column elementor-element elementor-element-f7a29b6\" data-id=\"f7a29b6\" data-element_type=\"column\" data-e-type=\"column\">\n\t\t\t<div class=\"elementor-widget-wrap elementor-element-populated\">\n\t\t\t\t\t\t<div class=\"elementor-element elementor-element-1a3e267 elementor-widget elementor-widget-text-editor\" data-id=\"1a3e267\" data-element_type=\"widget\" data-e-type=\"widget\" data-widget_type=\"text-editor.default\">\n\t\t\t\t<div class=\"elementor-widget-container\">\n\t\t\t\t\t\t\t\t\t<p>Pelit keskiviikkosin klo 17.00 \u2013 18.30<\/p><p>Ohjelmaan sis\u00e4ltyy kevyt alkul\u00e4mmittely, pari kilpapaintballiin liittyv\u00e4\u00e4 teknist\u00e4 harjoitusta ja n\u00e4iden j\u00e4lkeen tietenkin kivaa pelaamista yhdess\u00e4.<br \/>My\u00f6s kiinnostuessa enemm\u00e4n lajista ja kilpaileminen lajin parissa kiinnostaa, voi halutessa liitty\u00e4 mukaan kilparyhm\u00e4\u00e4n \/ Joukkuueeseen Kirkkonummi Gunners .<br \/>Kirkkonummi Gunners on paikallinen kilpa joukkuea joka on aloittanut toimintanssa vuonna2023<\/p>\t\t\t\t\t\t\t\t<\/div>\n\t\t\t\t<\/div>\n\t\t\t\t\t<\/div>\n\t\t<\/div>\n\t\t\t\t\t<\/div>\n\t\t<\/section>\n\t\t\t\t\t<\/div>\n\t\t<\/div>\n\t\t\t\t\t<\/div>\n\t\t<\/section>\n\t\t\t\t<section class=\"elementor-section elementor-top-section elementor-element elementor-element-4356c0f elementor-section-boxed elementor-section-height-default elementor-section-height-default\" data-id=\"4356c0f\" data-element_type=\"section\" data-e-type=\"section\">\n\t\t\t\t\t\t<div class=\"elementor-container elementor-column-gap-default\">\n\t\t\t\t\t<div class=\"elementor-column elementor-col-50 elementor-top-column elementor-element elementor-element-9d1a918\" data-id=\"9d1a918\" data-element_type=\"column\" data-e-type=\"column\">\n\t\t\t<div class=\"elementor-widget-wrap elementor-element-populated\">\n\t\t\t\t\t\t<div class=\"elementor-element elementor-element-53e48bf elementor-widget elementor-widget-image\" data-id=\"53e48bf\" data-element_type=\"widget\" data-e-type=\"widget\" data-widget_type=\"image.default\">\n\t\t\t\t<div class=\"elementor-widget-container\">\n\t\t\t\t\t\t\t\t\t\t\t\t\t\t\t<img decoding=\"async\" width=\"663\" height=\"828\" src=\"https:\/\/progames.fi\/fi\/wp-content\/uploads\/2023\/11\/klubi.jpeg\" class=\"attachment-large size-large wp-image-1107\" alt=\"\" srcset=\"https:\/\/progames.fi\/fi\/wp-content\/uploads\/2023\/11\/klubi.jpeg 663w, https:\/\/progames.fi\/fi\/wp-content\/uploads\/2023\/11\/klubi-240x300.jpeg 240w\" sizes=\"(max-width: 663px) 100vw, 663px\" \/>\t\t\t\t\t\t\t\t\t\t\t\t\t\t\t<\/div>\n\t\t\t\t<\/div>\n\t\t\t\t\t<\/div>\n\t\t<\/div>\n\t\t\t\t<div class=\"elementor-column elementor-col-50 elementor-top-column elementor-element elementor-element-301efdd\" data-id=\"301efdd\" data-element_type=\"column\" data-e-type=\"column\">\n\t\t\t<div class=\"elementor-widget-wrap elementor-element-populated\">\n\t\t\t\t\t\t<div class=\"elementor-element elementor-element-3268b6d elementor-widget elementor-widget-heading\" data-id=\"3268b6d\" data-element_type=\"widget\" data-e-type=\"widget\" data-widget_type=\"heading.default\">\n\t\t\t\t<div class=\"elementor-widget-container\">\n\t\t\t\t\t<h2 class=\"elementor-heading-title elementor-size-default\">Paintballklubissa <\/h2>\t\t\t\t<\/div>\n\t\t\t\t<\/div>\n\t\t\t\t<div class=\"elementor-element elementor-element-f88ed73 elementor-widget elementor-widget-text-editor\" data-id=\"f88ed73\" data-element_type=\"widget\" data-e-type=\"widget\" data-widget_type=\"text-editor.default\">\n\t\t\t\t<div class=\"elementor-widget-container\">\n\t\t\t\t\t\t\t\t\t<p><br \/>Paikan p\u00e4\u00e4ll\u00e4 on ohjaajia ja aina SM-liigatason pelaaja opastamassa, nuorella ei siis tarvitse olla aiempaa kokemusta lajista liitty\u00e4kseen mukaan uuden ja j\u00e4nnitt\u00e4v\u00e4n harrastuksen pariin. T\u00e4\u00e4ll\u00e4 p\u00e4\u00e4see oppimaan paintballia turvallisesti ja hyv\u00e4ss\u00e4 seurassa samanik\u00e4isten kavereiden parissa.<br \/>Mukaan tarvitaan oma juomapullo ja verryttelyasu . Paikan p\u00e4\u00e4lt\u00e4 saat lainaan v\u00e4rikuula-aseen ja suojamaskin sek\u00e4 kuulat.<br \/>Paintball klubi peleiss\u00e4, kuten paintballissa yleens\u00e4kin, tulee pelaajilla olla pitk\u00e4hihainen paita sek\u00e4 pitk\u00e4lahkeiset housut. T-paidassa tai shortseissa EI saa pelata.<\/p>\t\t\t\t\t\t\t\t<\/div>\n\t\t\t\t<\/div>\n\t\t\t\t\t<\/div>\n\t\t<\/div>\n\t\t\t\t\t<\/div>\n\t\t<\/section>\n\t\t\t\t<section class=\"elementor-section elementor-top-section elementor-element elementor-element-b807c94 elementor-section-boxed elementor-section-height-default elementor-section-height-default\" data-id=\"b807c94\" data-element_type=\"section\" data-e-type=\"section\">\n\t\t\t\t\t\t<div class=\"elementor-container elementor-column-gap-default\">\n\t\t\t\t\t<div class=\"elementor-column elementor-col-100 elementor-top-column elementor-element elementor-element-a60379e\" data-id=\"a60379e\" data-element_type=\"column\" data-e-type=\"column\">\n\t\t\t<div class=\"elementor-widget-wrap elementor-element-populated\">\n\t\t\t\t\t\t<div class=\"elementor-element elementor-element-ae5f597 elementor-hidden-desktop elementor-hidden-tablet elementor-share-buttons--view-icon-text elementor-share-buttons--skin-gradient elementor-share-buttons--shape-square elementor-grid-0 elementor-share-buttons--color-official elementor-widget elementor-widget-share-buttons\" data-id=\"ae5f597\" data-element_type=\"widget\" data-e-type=\"widget\" data-widget_type=\"share-buttons.default\">\n\t\t\t\t<div class=\"elementor-widget-container\">\n\t\t\t\t\t\t\t<div class=\"elementor-grid\">\n\t\t\t\t\t\t\t\t<div class=\"elementor-grid-item\">\n\t\t\t\t\t\t<div class=\"elementor-share-btn elementor-share-btn_whatsapp\" role=\"button\" tabindex=\"0\" aria-label=\"Share on whatsapp\">\n\t\t\t\t\t\t\t\t\t\t\t\t\t\t\t<span class=\"elementor-share-btn__icon\">\n\t\t\t\t\t\t\t\t<i class=\"fab fa-whatsapp\" aria-hidden=\"true\"><\/i>\t\t\t\t\t\t\t<\/span>\n\t\t\t\t\t\t\t\t\t\t\t\t\t\t\t\t\t\t\t\t\t\t<div class=\"elementor-share-btn__text\">\n\t\t\t\t\t\t\t\t\t\t\t\t\t\t\t\t\t\t\t<span class=\"elementor-share-btn__title\">\n\t\t\t\t\t\t\t\t\t\tWhatsApp\t\t\t\t\t\t\t\t\t<\/span>\n\t\t\t\t\t\t\t\t\t\t\t\t\t\t\t\t\t<\/div>\n\t\t\t\t\t\t\t\t\t\t\t\t\t<\/div>\n\t\t\t\t\t<\/div>\n\t\t\t\t\t\t<\/div>\n\t\t\t\t\t\t<\/div>\n\t\t\t\t<\/div>\n\t\t\t\t\t<\/div>\n\t\t<\/div>\n\t\t\t\t\t<\/div>\n\t\t<\/section>\n\t\t\t\t<section class=\"elementor-section elementor-top-section elementor-element elementor-element-37c2961 elementor-section-boxed elementor-section-height-default elementor-section-height-default\" data-id=\"37c2961\" data-element_type=\"section\" data-e-type=\"section\">\n\t\t\t\t\t\t<div class=\"elementor-container elementor-column-gap-default\">\n\t\t\t\t\t<div class=\"elementor-column elementor-col-50 elementor-top-column elementor-element elementor-element-5f1293c\" data-id=\"5f1293c\" data-element_type=\"column\" data-e-type=\"column\">\n\t\t\t<div class=\"elementor-widget-wrap elementor-element-populated\">\n\t\t\t\t\t\t<div class=\"elementor-element elementor-element-e509bf3 elementor-widget elementor-widget-heading\" data-id=\"e509bf3\" data-element_type=\"widget\" data-e-type=\"widget\" data-widget_type=\"heading.default\">\n\t\t\t\t<div class=\"elementor-widget-container\">\n\t\t\t\t\t<h2 class=\"elementor-heading-title elementor-size-default\">HINNAT<\/h2>\t\t\t\t<\/div>\n\t\t\t\t<\/div>\n\t\t\t\t<div class=\"elementor-element elementor-element-bb41339 elementor-widget elementor-widget-text-editor\" data-id=\"bb41339\" data-element_type=\"widget\" data-e-type=\"widget\" data-widget_type=\"text-editor.default\">\n\t\t\t\t<div class=\"elementor-widget-container\">\n\t\t\t\t\t\t\t\t\t<p>20\u20ac \/ kerta<br \/>55\u20ac \/ 5 kerran sarjakortti (henkil\u00f6kohtainen).<\/p><p>Vuokrahaalari 6\u20ac \/ haalari<\/p><p>Tapahtumaan on ennakkoilmoittautuminen, klikkaa <a href=\"https:\/\/progames.fi\/fi\/index.php\/yhteystiedot\/\">T\u00c4ST\u00c4<\/a> ilmoittautumiseen.<\/p>\t\t\t\t\t\t\t\t<\/div>\n\t\t\t\t<\/div>\n\t\t\t\t\t<\/div>\n\t\t<\/div>\n\t\t\t\t<div class=\"elementor-column elementor-col-50 elementor-top-column elementor-element elementor-element-be0e4c5\" data-id=\"be0e4c5\" data-element_type=\"column\" data-e-type=\"column\">\n\t\t\t<div class=\"elementor-widget-wrap elementor-element-populated\">\n\t\t\t\t\t\t<div class=\"elementor-element elementor-element-edb478b elementor-widget elementor-widget-image\" data-id=\"edb478b\" data-element_type=\"widget\" data-e-type=\"widget\" data-widget_type=\"image.default\">\n\t\t\t\t<div class=\"elementor-widget-container\">\n\t\t\t\t\t\t\t\t\t\t\t\t\t\t\t<img decoding=\"async\" width=\"800\" height=\"799\" src=\"https:\/\/progames.fi\/fi\/wp-content\/uploads\/2023\/11\/gunnersit.jpg\" class=\"attachment-large size-large wp-image-1108\" alt=\"\" srcset=\"https:\/\/progames.fi\/fi\/wp-content\/uploads\/2023\/11\/gunnersit.jpg 829w, https:\/\/progames.fi\/fi\/wp-content\/uploads\/2023\/11\/gunnersit-300x300.jpg 300w, https:\/\/progames.fi\/fi\/wp-content\/uploads\/2023\/11\/gunnersit-150x150.jpg 150w, https:\/\/progames.fi\/fi\/wp-content\/uploads\/2023\/11\/gunnersit-768x767.jpg 768w\" sizes=\"(max-width: 800px) 100vw, 800px\" \/>\t\t\t\t\t\t\t\t\t\t\t\t\t\t\t<\/div>\n\t\t\t\t<\/div>\n\t\t\t\t\t<\/div>\n\t\t<\/div>\n\t\t\t\t\t<\/div>\n\t\t<\/section>\n\t\t\t\t<section class=\"elementor-section elementor-top-section elementor-element elementor-element-6be3d66 elementor-section-boxed elementor-section-height-default elementor-section-height-default\" data-id=\"6be3d66\" data-element_type=\"section\" data-e-type=\"section\">\n\t\t\t\t\t\t<div class=\"elementor-container elementor-column-gap-default\">\n\t\t\t\t\t<div class=\"elementor-column elementor-col-50 elementor-top-column elementor-element elementor-element-d43db14\" data-id=\"d43db14\" data-element_type=\"column\" data-e-type=\"column\">\n\t\t\t<div class=\"elementor-widget-wrap elementor-element-populated\">\n\t\t\t\t\t\t<div class=\"elementor-element elementor-element-7a39032 elementor-widget elementor-widget-heading\" data-id=\"7a39032\" data-element_type=\"widget\" data-e-type=\"widget\" data-widget_type=\"heading.default\">\n\t\t\t\t<div class=\"elementor-widget-container\">\n\t\t\t\t\t<h2 class=\"elementor-heading-title elementor-size-default\">Syit\u00e4 l\u00e4hte\u00e4 mukaan!<\/h2>\t\t\t\t<\/div>\n\t\t\t\t<\/div>\n\t\t\t\t<div class=\"elementor-element elementor-element-850b92a elementor-widget elementor-widget-text-editor\" data-id=\"850b92a\" data-element_type=\"widget\" data-e-type=\"widget\" data-widget_type=\"text-editor.default\">\n\t\t\t\t<div class=\"elementor-widget-container\">\n\t\t\t\t\t\t\t\t\t<p>\u00a0<\/p><p>Paintball on piilourheilullinen harrastus (liikunta tulee v\u00e4h\u00e4n huomaamatta siin\u00e4 sivussa) ja kaiken lis\u00e4ksi tosi kivaa! Lajiin voi osallistua juuri oman kuntotason mukaan. Voi olla nopea juoksija tai sitten keskitty\u00e4 tarkkuuteen ja toimia ryhm\u00e4n tukijana.<\/p><p>Meille voit tulla mukaan kivan harrastuksen pariin sukupuolesta ja kuntotasosta riippumatta. Osallistujia on ollut mukana noin 20 per pelikerta ja ensikertalaiset ovat tervetulleita mukaan mille tahansa pelikerralle.Tapahtumaa ohjaa pitk\u00e4\u00e4n harrastanut ammattilainen, joka neuvoo ja opastaa nuoria. N\u00e4in konkareilta oppii nopeasti lajin salat ja p\u00e4\u00e4see kehittym\u00e4\u00e4n pelaajana. Pelaamisesta tulee entist\u00e4 kivempaa, kun osaa tekniikat ja taktiikat!<\/p>\t\t\t\t\t\t\t\t<\/div>\n\t\t\t\t<\/div>\n\t\t\t\t\t<\/div>\n\t\t<\/div>\n\t\t\t\t<div class=\"elementor-column elementor-col-50 elementor-top-column elementor-element elementor-element-6709003\" data-id=\"6709003\" data-element_type=\"column\" data-e-type=\"column\">\n\t\t\t<div class=\"elementor-widget-wrap elementor-element-populated\">\n\t\t\t\t\t\t<div class=\"elementor-element elementor-element-8c01b7d elementor-widget elementor-widget-image\" data-id=\"8c01b7d\" data-element_type=\"widget\" data-e-type=\"widget\" data-widget_type=\"image.default\">\n\t\t\t\t<div class=\"elementor-widget-container\">\n\t\t\t\t\t\t\t\t\t\t\t\t\t\t\t<img loading=\"lazy\" decoding=\"async\" width=\"800\" height=\"800\" src=\"https:\/\/progames.fi\/fi\/wp-content\/uploads\/2023\/11\/lucas-1024x1024.jpg\" class=\"attachment-large size-large wp-image-1110\" alt=\"\" srcset=\"https:\/\/progames.fi\/fi\/wp-content\/uploads\/2023\/11\/lucas-1024x1024.jpg 1024w, https:\/\/progames.fi\/fi\/wp-content\/uploads\/2023\/11\/lucas-300x300.jpg 300w, https:\/\/progames.fi\/fi\/wp-content\/uploads\/2023\/11\/lucas-150x150.jpg 150w, https:\/\/progames.fi\/fi\/wp-content\/uploads\/2023\/11\/lucas-768x768.jpg 768w, https:\/\/progames.fi\/fi\/wp-content\/uploads\/2023\/11\/lucas.jpg 1400w\" sizes=\"(max-width: 800px) 100vw, 800px\" \/>\t\t\t\t\t\t\t\t\t\t\t\t\t\t\t<\/div>\n\t\t\t\t<\/div>\n\t\t\t\t\t<\/div>\n\t\t<\/div>\n\t\t\t\t\t<\/div>\n\t\t<\/section>\n\t\t\t\t<section class=\"elementor-section elementor-top-section elementor-element elementor-element-e2d3924 elementor-section-boxed elementor-section-height-default elementor-section-height-default\" data-id=\"e2d3924\" data-element_type=\"section\" data-e-type=\"section\">\n\t\t\t\t\t\t<div class=\"elementor-container elementor-column-gap-default\">\n\t\t\t\t\t<div class=\"elementor-column elementor-col-50 elementor-top-column elementor-element elementor-element-ed3251e\" data-id=\"ed3251e\" data-element_type=\"column\" data-e-type=\"column\">\n\t\t\t<div class=\"elementor-widget-wrap elementor-element-populated\">\n\t\t\t\t\t\t<div class=\"elementor-element elementor-element-5e98ba9 elementor-widget elementor-widget-text-editor\" data-id=\"5e98ba9\" data-element_type=\"widget\" data-e-type=\"widget\" data-widget_type=\"text-editor.default\">\n\t\t\t\t<div class=\"elementor-widget-container\">\n\t\t\t\t\t\t\t\t\t<p><strong>TARVITSEEKO VANHEMPIA MUKAAN?<\/strong><\/p><p>Huoltaja on hyv\u00e4 ottaa mukaan ensimm\u00e4iseen osallistumiskertaan. Jatkossa h\u00e4n voi j\u00e4\u00e4d\u00e4 kotiin tai tulla katsomaan pelej\u00e4, my\u00f6s Paintballpuiston kahvilassa\/ odotustilassa voi odottaa pelien ajan. Suosittelemme liittym\u00e4\u00e4n s\u00e4hk\u00f6postilistalle, jossa jaetaan ajankohtaista tietoa keskiviikon peleist\u00e4.<br \/><strong>SAAKO PELATA OMILLA PELIVARUSTEILLA?<\/strong><br \/>Kyll\u00e4 ja ei.<br \/>Treeneiss\u00e4 pelataan talon aseilla, jotta varusteet olisivat tasav\u00e4kiset pelaajien kesken.<br \/>Oman suojamaskin k\u00e4ytt\u00e4minen on sallittua, mik\u00e4li maskisi on paintball-k\u00e4ytt\u00f6\u00f6n tarkoitettu ja turvallinen k\u00e4ytt\u00e4\u00e4. Suojamaskin pit\u00e4\u00e4 olla ohjaajamme mielest\u00e4 ehj\u00e4 ja riitt\u00e4v\u00e4n suojaava. Aktiivisia pelaajia suositellaankin hankkimaan omat pelivarusteet esim. ProGames Oy myym\u00e4l\u00e4st\u00e4, jossa voi k\u00e4tev\u00e4sti k\u00e4yd\u00e4 ennen pelej\u00e4.<\/p>\t\t\t\t\t\t\t\t<\/div>\n\t\t\t\t<\/div>\n\t\t\t\t\t<\/div>\n\t\t<\/div>\n\t\t\t\t<div class=\"elementor-column elementor-col-50 elementor-top-column elementor-element elementor-element-fbf4238\" data-id=\"fbf4238\" data-element_type=\"column\" data-e-type=\"column\">\n\t\t\t<div class=\"elementor-widget-wrap elementor-element-populated\">\n\t\t\t\t\t\t<div class=\"elementor-element elementor-element-f61bf4b elementor-widget elementor-widget-image\" data-id=\"f61bf4b\" data-element_type=\"widget\" data-e-type=\"widget\" data-widget_type=\"image.default\">\n\t\t\t\t<div class=\"elementor-widget-container\">\n\t\t\t\t\t\t\t\t\t\t\t\t\t\t\t<img loading=\"lazy\" decoding=\"async\" width=\"800\" height=\"800\" src=\"https:\/\/progames.fi\/fi\/wp-content\/uploads\/2023\/11\/keskiviikkoklubi.jpg\" class=\"attachment-large size-large wp-image-1111\" alt=\"\" srcset=\"https:\/\/progames.fi\/fi\/wp-content\/uploads\/2023\/11\/keskiviikkoklubi.jpg 828w, https:\/\/progames.fi\/fi\/wp-content\/uploads\/2023\/11\/keskiviikkoklubi-300x300.jpg 300w, https:\/\/progames.fi\/fi\/wp-content\/uploads\/2023\/11\/keskiviikkoklubi-150x150.jpg 150w, https:\/\/progames.fi\/fi\/wp-content\/uploads\/2023\/11\/keskiviikkoklubi-768x768.jpg 768w\" sizes=\"(max-width: 800px) 100vw, 800px\" \/>\t\t\t\t\t\t\t\t\t\t\t\t\t\t\t<\/div>\n\t\t\t\t<\/div>\n\t\t\t\t\t<\/div>\n\t\t<\/div>\n\t\t\t\t\t<\/div>\n\t\t<\/section>\n\t\t\t\t<\/div>\n\t\t","protected":false},"excerpt":{"rendered":"<p>Paintballklubi Joka Keskiviikko tule mukaan! Paintball klubi 2025 \u00a0 Nuorten paintball-harrastusmahdollisuus joka keskiviikko kello 17.00-18.30. Keskiviikko klubi j\u00e4rjestet\u00e4\u00e4n joka keskiviikko marraskuun loppuun asti kaudella -25 ja pelit jatkuu talvitauon j\u00e4lkeen 27.4.2025. Ilmoittautumalla ennakkoon varmistat p\u00e4\u00e4syn peleihin. Peliasuksi k\u00e4y omat urheiluvaatteet, jotka saa likaantua (tai voi vuokrata maastohaalarit 6 \u20ac\/kpl). Tarjoamme suojamaskin, hanskat ja p\u00e4\u00e4hineen tapahtumaan [&hellip;]<\/p>\n","protected":false},"author":1,"featured_media":0,"parent":0,"menu_order":0,"comment_status":"closed","ping_status":"closed","template":"","meta":{"footnotes":""},"class_list":["post-261","page","type-page","status-publish","hentry"],"_links":{"self":[{"href":"https:\/\/progames.fi\/fi\/index.php\/wp-json\/wp\/v2\/pages\/261","targetHints":{"allow":["GET"]}}],"collection":[{"href":"https:\/\/progames.fi\/fi\/index.php\/wp-json\/wp\/v2\/pages"}],"about":[{"href":"https:\/\/progames.fi\/fi\/index.php\/wp-json\/wp\/v2\/types\/page"}],"author":[{"embeddable":true,"href":"https:\/\/progames.fi\/fi\/index.php\/wp-json\/wp\/v2\/users\/1"}],"replies":[{"embeddable":true,"href":"https:\/\/progames.fi\/fi\/index.php\/wp-json\/wp\/v2\/comments?post=261"}],"version-history":[{"count":83,"href":"https:\/\/progames.fi\/fi\/index.php\/wp-json\/wp\/v2\/pages\/261\/revisions"}],"predecessor-version":[{"id":1715,"href":"https:\/\/progames.fi\/fi\/index.php\/wp-json\/wp\/v2\/pages\/261\/revisions\/1715"}],"wp:attachment":[{"href":"https:\/\/progames.fi\/fi\/index.php\/wp-json\/wp\/v2\/media?parent=261"}],"curies":[{"name":"wp","href":"https:\/\/api.w.org\/{rel}","templated":true}]}}