{"id":249,"date":"2021-07-23T18:01:34","date_gmt":"2021-07-23T16:01:34","guid":{"rendered":"https:\/\/progames.fi\/fi\/?page_id=249"},"modified":"2025-11-02T19:59:41","modified_gmt":"2025-11-02T17:59:41","slug":"lisa-aktiviteetit","status":"publish","type":"page","link":"https:\/\/progames.fi\/fi\/index.php\/lisa-aktiviteetit\/","title":{"rendered":"Lis\u00e4 aktiviteetit"},"content":{"rendered":"\t\t<div data-elementor-type=\"wp-page\" data-elementor-id=\"249\" class=\"elementor elementor-249\" data-elementor-post-type=\"page\">\n\t\t\t\t\t\t<section class=\"elementor-section elementor-top-section elementor-element elementor-element-71ceffc4 elementor-section-height-min-height elementor-section-content-middle elementor-section-boxed elementor-section-height-default elementor-section-items-middle\" data-id=\"71ceffc4\" data-element_type=\"section\" data-e-type=\"section\" data-settings=\"{&quot;background_background&quot;:&quot;classic&quot;}\">\n\t\t\t\t\t\t\t<div class=\"elementor-background-overlay\"><\/div>\n\t\t\t\t\t\t\t<div class=\"elementor-container elementor-column-gap-no\">\n\t\t\t\t\t<div class=\"elementor-column elementor-col-100 elementor-top-column elementor-element elementor-element-2e3be7a8\" data-id=\"2e3be7a8\" data-element_type=\"column\" data-e-type=\"column\">\n\t\t\t<div class=\"elementor-widget-wrap elementor-element-populated\">\n\t\t\t\t\t\t<div class=\"elementor-element elementor-element-51a567b0 elementor-headline--style-rotate elementor-widget elementor-widget-animated-headline\" data-id=\"51a567b0\" data-element_type=\"widget\" data-e-type=\"widget\" data-settings=\"{&quot;headline_style&quot;:&quot;rotate&quot;,&quot;animation_type&quot;:&quot;slide&quot;,&quot;loop&quot;:&quot;yes&quot;,&quot;rotate_iteration_delay&quot;:2500}\" data-widget_type=\"animated-headline.default\">\n\t\t\t\t<div class=\"elementor-widget-container\">\n\t\t\t\t\t\t\t<h2 class=\"elementor-headline elementor-headline-animation-type-slide\">\n\t\t\t\t\t<span class=\"elementor-headline-plain-text elementor-headline-text-wrapper\">Kokeile my\u00f6s puiston muita super hauskoja pelej\u00e4!<\/span>\n\t\t\t\t<span class=\"elementor-headline-dynamic-wrapper elementor-headline-text-wrapper\">\n\t\t\t\t<\/span>\n\t\t\t\t<\/h2>\n\t\t\t\t\t\t<\/div>\n\t\t\t\t<\/div>\n\t\t\t\t\t<\/div>\n\t\t<\/div>\n\t\t\t\t\t<\/div>\n\t\t<\/section>\n\t\t\t\t<section class=\"elementor-section elementor-top-section elementor-element elementor-element-4586c221 elementor-section-boxed elementor-section-height-default elementor-section-height-default\" data-id=\"4586c221\" data-element_type=\"section\" data-e-type=\"section\">\n\t\t\t\t\t\t<div class=\"elementor-container elementor-column-gap-default\">\n\t\t\t\t\t<div class=\"elementor-column elementor-col-100 elementor-top-column elementor-element elementor-element-3f0735ae\" data-id=\"3f0735ae\" data-element_type=\"column\" data-e-type=\"column\">\n\t\t\t<div class=\"elementor-widget-wrap elementor-element-populated\">\n\t\t\t\t\t\t<div class=\"elementor-element elementor-element-d1680fc elementor-widget elementor-widget-heading\" data-id=\"d1680fc\" data-element_type=\"widget\" data-e-type=\"widget\" data-widget_type=\"heading.default\">\n\t\t\t\t<div class=\"elementor-widget-container\">\n\t\t\t\t\t<h2 class=\"elementor-heading-title elementor-size-default\">Hauskaa tekemist\u00e4 ProGames Paintballpuistossa<\/h2>\t\t\t\t<\/div>\n\t\t\t\t<\/div>\n\t\t\t\t\t<\/div>\n\t\t<\/div>\n\t\t\t\t\t<\/div>\n\t\t<\/section>\n\t\t\t\t<section class=\"elementor-section elementor-top-section elementor-element elementor-element-11d58ad0 elementor-section-boxed elementor-section-height-default elementor-section-height-default\" data-id=\"11d58ad0\" data-element_type=\"section\" data-e-type=\"section\">\n\t\t\t\t\t\t<div class=\"elementor-container elementor-column-gap-default\">\n\t\t\t\t\t<div class=\"elementor-column elementor-col-50 elementor-top-column elementor-element elementor-element-6b42d618\" data-id=\"6b42d618\" data-element_type=\"column\" data-e-type=\"column\">\n\t\t\t<div class=\"elementor-widget-wrap elementor-element-populated\">\n\t\t\t\t\t\t<div class=\"elementor-element elementor-element-9cb0dd9 elementor-widget elementor-widget-text-editor\" data-id=\"9cb0dd9\" data-element_type=\"widget\" data-e-type=\"widget\" data-widget_type=\"text-editor.default\">\n\t\t\t\t<div class=\"elementor-widget-container\">\n\t\t\t\t\t\t\t\t\t<p data-start=\"310\" data-end=\"413\">ProGames Paintballpuistossa viet\u00e4t takuuvarmasti hauskan p\u00e4iv\u00e4n vauhdikkaiden aktiviteettien parissa!<\/p><p data-start=\"415\" data-end=\"689\">Paintballin lis\u00e4ksi puistossa voit pelata <strong data-start=\"457\" data-end=\"473\">kuplafutista<\/strong> omalla areenalla \u2013 kuplapalloja l\u00f6ytyy <strong data-start=\"513\" data-end=\"563\">lapsille, aikuisille ja extra-isoina versioina<\/strong>.<br data-start=\"564\" data-end=\"567\" \/>Kokeile my\u00f6s <strong data-start=\"580\" data-end=\"599\">supersumopainia<\/strong>, jossa puetaan p\u00e4\u00e4lle hulvattomat sumopuvut ja kisataan, kuka pysyy pystyss\u00e4 pisimp\u00e4\u00e4n!<\/p><p data-start=\"691\" data-end=\"845\">ProGames tarjoaa <strong data-start=\"708\" data-end=\"757\">el\u00e4myksi\u00e4, liikett\u00e4 ja naurua kaikenik\u00e4isille<\/strong> \u2013 t\u00e4ydellinen valinta kaveriporukoille, polttareihin tai ty\u00f6porukan virkistysp\u00e4iv\u00e4\u00e4n.<\/p>\t\t\t\t\t\t\t\t<\/div>\n\t\t\t\t<\/div>\n\t\t\t\t\t<\/div>\n\t\t<\/div>\n\t\t\t\t<div class=\"elementor-column elementor-col-50 elementor-top-column elementor-element elementor-element-1a39990f\" data-id=\"1a39990f\" data-element_type=\"column\" data-e-type=\"column\">\n\t\t\t<div class=\"elementor-widget-wrap elementor-element-populated\">\n\t\t\t\t\t\t<div class=\"elementor-element elementor-element-b55a02c elementor-widget elementor-widget-heading\" data-id=\"b55a02c\" data-element_type=\"widget\" data-e-type=\"widget\" data-widget_type=\"heading.default\">\n\t\t\t\t<div class=\"elementor-widget-container\">\n\t\t\t\t\t<h2 class=\"elementor-heading-title elementor-size-default\">Beachbuggy -autorata!<\/h2>\t\t\t\t<\/div>\n\t\t\t\t<\/div>\n\t\t\t\t<div class=\"elementor-element elementor-element-4890e4a9 elementor-widget elementor-widget-text-editor\" data-id=\"4890e4a9\" data-element_type=\"widget\" data-e-type=\"widget\" data-widget_type=\"text-editor.default\">\n\t\t\t\t<div class=\"elementor-widget-container\">\n\t\t\t\t\t\t\t\t\t<p data-start=\"164\" data-end=\"329\">9\u201316-vuotiaille suunnatuilla <strong data-start=\"193\" data-end=\"217\">ranta-buggy-autoilla<\/strong> p\u00e4\u00e4see kiert\u00e4m\u00e4\u00e4n puiston radan. Autoihin mahtuu kaksi henkil\u00f6\u00e4, ja nuorimmat voivat ajaa huoltajan kyydiss\u00e4.<\/p><ul data-start=\"331\" data-end=\"422\"><li data-start=\"331\" data-end=\"356\"><p data-start=\"333\" data-end=\"356\"><strong data-start=\"333\" data-end=\"345\">Ik\u00e4raja:<\/strong> 9 vuotta<\/p><\/li><li data-start=\"357\" data-end=\"386\"><p data-start=\"359\" data-end=\"386\"><strong data-start=\"359\" data-end=\"369\">Hinta:<\/strong> 10 \u20ac \/ henkil\u00f6<\/p><\/li><li data-start=\"387\" data-end=\"422\"><p data-start=\"389\" data-end=\"422\"><strong data-start=\"389\" data-end=\"399\">Kesto:<\/strong> 4 kierrosta radalla<\/p><\/li><\/ul><p data-start=\"424\" data-end=\"516\">T\u00e4m\u00e4 aktiviteetti on maksullinen ja tarjoaa vauhtia sek\u00e4 el\u00e4myksi\u00e4 nuorille kuljettajille!<\/p>\t\t\t\t\t\t\t\t<\/div>\n\t\t\t\t<\/div>\n\t\t\t\t\t<\/div>\n\t\t<\/div>\n\t\t\t\t\t<\/div>\n\t\t<\/section>\n\t\t\t\t<section class=\"elementor-section elementor-top-section elementor-element elementor-element-aa0b4d0 elementor-section-boxed elementor-section-height-default elementor-section-height-default\" data-id=\"aa0b4d0\" data-element_type=\"section\" data-e-type=\"section\">\n\t\t\t\t\t\t<div class=\"elementor-container elementor-column-gap-default\">\n\t\t\t\t\t<div class=\"elementor-column elementor-col-50 elementor-top-column elementor-element elementor-element-30c2a6af\" data-id=\"30c2a6af\" data-element_type=\"column\" data-e-type=\"column\">\n\t\t\t<div class=\"elementor-widget-wrap elementor-element-populated\">\n\t\t\t\t\t\t<div class=\"elementor-element elementor-element-49db0710 elementor-widget elementor-widget-image\" data-id=\"49db0710\" data-element_type=\"widget\" data-e-type=\"widget\" data-widget_type=\"image.default\">\n\t\t\t\t<div class=\"elementor-widget-container\">\n\t\t\t\t\t\t\t\t\t\t\t\t\t\t\t<img fetchpriority=\"high\" decoding=\"async\" width=\"800\" height=\"600\" src=\"https:\/\/progames.fi\/fi\/wp-content\/uploads\/2021\/07\/kuplafutis-arena.jpg\" class=\"attachment-large size-large wp-image-231\" alt=\"\" srcset=\"https:\/\/progames.fi\/fi\/wp-content\/uploads\/2021\/07\/kuplafutis-arena.jpg 1000w, https:\/\/progames.fi\/fi\/wp-content\/uploads\/2021\/07\/kuplafutis-arena-300x225.jpg 300w, https:\/\/progames.fi\/fi\/wp-content\/uploads\/2021\/07\/kuplafutis-arena-768x576.jpg 768w\" sizes=\"(max-width: 800px) 100vw, 800px\" \/>\t\t\t\t\t\t\t\t\t\t\t\t\t\t\t<\/div>\n\t\t\t\t<\/div>\n\t\t\t\t\t<\/div>\n\t\t<\/div>\n\t\t\t\t<div class=\"elementor-column elementor-col-50 elementor-top-column elementor-element elementor-element-3c845203\" data-id=\"3c845203\" data-element_type=\"column\" data-e-type=\"column\">\n\t\t\t<div class=\"elementor-widget-wrap elementor-element-populated\">\n\t\t\t\t\t\t<div class=\"elementor-element elementor-element-3a0958ea elementor-widget elementor-widget-image\" data-id=\"3a0958ea\" data-element_type=\"widget\" data-e-type=\"widget\" data-widget_type=\"image.default\">\n\t\t\t\t<div class=\"elementor-widget-container\">\n\t\t\t\t\t\t\t\t\t\t\t\t\t\t\t<img decoding=\"async\" width=\"800\" height=\"600\" src=\"https:\/\/progames.fi\/fi\/wp-content\/uploads\/2021\/07\/Super-sumopinia.jpg\" class=\"attachment-large size-large wp-image-232\" alt=\"\" srcset=\"https:\/\/progames.fi\/fi\/wp-content\/uploads\/2021\/07\/Super-sumopinia.jpg 1000w, https:\/\/progames.fi\/fi\/wp-content\/uploads\/2021\/07\/Super-sumopinia-300x225.jpg 300w, https:\/\/progames.fi\/fi\/wp-content\/uploads\/2021\/07\/Super-sumopinia-768x576.jpg 768w\" sizes=\"(max-width: 800px) 100vw, 800px\" \/>\t\t\t\t\t\t\t\t\t\t\t\t\t\t\t<\/div>\n\t\t\t\t<\/div>\n\t\t\t\t\t<\/div>\n\t\t<\/div>\n\t\t\t\t\t<\/div>\n\t\t<\/section>\n\t\t\t\t<section class=\"elementor-section elementor-top-section elementor-element elementor-element-3571ec4 elementor-section-boxed elementor-section-height-default elementor-section-height-default\" data-id=\"3571ec4\" data-element_type=\"section\" data-e-type=\"section\">\n\t\t\t\t\t\t<div class=\"elementor-container elementor-column-gap-default\">\n\t\t\t\t\t<div class=\"elementor-column elementor-col-50 elementor-top-column elementor-element elementor-element-338833cd\" data-id=\"338833cd\" data-element_type=\"column\" data-e-type=\"column\">\n\t\t\t<div class=\"elementor-widget-wrap elementor-element-populated\">\n\t\t\t\t\t\t<div class=\"elementor-element elementor-element-12cd25be elementor-widget elementor-widget-image\" data-id=\"12cd25be\" data-element_type=\"widget\" data-e-type=\"widget\" data-widget_type=\"image.default\">\n\t\t\t\t<div class=\"elementor-widget-container\">\n\t\t\t\t\t\t\t\t\t\t\t\t\t\t\t<img decoding=\"async\" width=\"800\" height=\"600\" src=\"https:\/\/progames.fi\/fi\/wp-content\/uploads\/2021\/07\/tarkkuus-ammunta.jpg\" class=\"attachment-large size-large wp-image-234\" alt=\"\" srcset=\"https:\/\/progames.fi\/fi\/wp-content\/uploads\/2021\/07\/tarkkuus-ammunta.jpg 1000w, https:\/\/progames.fi\/fi\/wp-content\/uploads\/2021\/07\/tarkkuus-ammunta-300x225.jpg 300w, https:\/\/progames.fi\/fi\/wp-content\/uploads\/2021\/07\/tarkkuus-ammunta-768x576.jpg 768w\" sizes=\"(max-width: 800px) 100vw, 800px\" \/>\t\t\t\t\t\t\t\t\t\t\t\t\t\t\t<\/div>\n\t\t\t\t<\/div>\n\t\t\t\t\t<\/div>\n\t\t<\/div>\n\t\t\t\t<div class=\"elementor-column elementor-col-50 elementor-top-column elementor-element elementor-element-5db27845\" data-id=\"5db27845\" data-element_type=\"column\" data-e-type=\"column\">\n\t\t\t<div class=\"elementor-widget-wrap elementor-element-populated\">\n\t\t\t\t\t\t<div class=\"elementor-element elementor-element-31c557e7 elementor-widget elementor-widget-image\" data-id=\"31c557e7\" data-element_type=\"widget\" data-e-type=\"widget\" data-widget_type=\"image.default\">\n\t\t\t\t<div class=\"elementor-widget-container\">\n\t\t\t\t\t\t\t\t\t\t\t\t\t\t\t<img loading=\"lazy\" decoding=\"async\" width=\"800\" height=\"600\" src=\"https:\/\/progames.fi\/fi\/wp-content\/uploads\/2021\/07\/Buggy-karting-rata.jpg\" class=\"attachment-large size-large wp-image-233\" alt=\"\" srcset=\"https:\/\/progames.fi\/fi\/wp-content\/uploads\/2021\/07\/Buggy-karting-rata.jpg 1000w, https:\/\/progames.fi\/fi\/wp-content\/uploads\/2021\/07\/Buggy-karting-rata-300x225.jpg 300w, https:\/\/progames.fi\/fi\/wp-content\/uploads\/2021\/07\/Buggy-karting-rata-768x576.jpg 768w\" sizes=\"(max-width: 800px) 100vw, 800px\" \/>\t\t\t\t\t\t\t\t\t\t\t\t\t\t\t<\/div>\n\t\t\t\t<\/div>\n\t\t\t\t\t<\/div>\n\t\t<\/div>\n\t\t\t\t\t<\/div>\n\t\t<\/section>\n\t\t\t\t<section class=\"elementor-section elementor-top-section elementor-element elementor-element-2f3f643 elementor-section-boxed elementor-section-height-default elementor-section-height-default\" data-id=\"2f3f643\" data-element_type=\"section\" data-e-type=\"section\" data-settings=\"{&quot;background_background&quot;:&quot;gradient&quot;}\">\n\t\t\t\t\t\t<div class=\"elementor-container elementor-column-gap-default\">\n\t\t\t\t\t<div class=\"elementor-column elementor-col-100 elementor-top-column elementor-element elementor-element-51beadca\" data-id=\"51beadca\" data-element_type=\"column\" data-e-type=\"column\">\n\t\t\t<div class=\"elementor-widget-wrap elementor-element-populated\">\n\t\t\t\t\t\t<div class=\"elementor-element elementor-element-250e4d07 elementor-widget elementor-widget-heading\" data-id=\"250e4d07\" data-element_type=\"widget\" data-e-type=\"widget\" data-widget_type=\"heading.default\">\n\t\t\t\t<div class=\"elementor-widget-container\">\n\t\t\t\t\t<h2 class=\"elementor-heading-title elementor-size-default\">Tee syntt\u00e4rist\u00e4 ikimuistoinen \u2013 ProGames Parkissa!<\/h2>\t\t\t\t<\/div>\n\t\t\t\t<\/div>\n\t\t\t\t<div class=\"elementor-element elementor-element-69139642 elementor-widget elementor-widget-text-editor\" data-id=\"69139642\" data-element_type=\"widget\" data-e-type=\"widget\" data-widget_type=\"text-editor.default\">\n\t\t\t\t<div class=\"elementor-widget-container\">\n\t\t\t\t\t\t\t\t\t<p data-start=\"220\" data-end=\"459\">Uudistetut <strong data-start=\"231\" data-end=\"253\">ProGames-syntt\u00e4rit<\/strong> tarjoavat el\u00e4myksi\u00e4 ja hauskaa koko porukalle! Juhlat sis\u00e4lt\u00e4v\u00e4t ohjattua ohjelmaa, vapaata peli\u00e4 sek\u00e4 herkuttelua viihtyis\u00e4ss\u00e4 syntt\u00e4rihuoneessa.<br data-start=\"400\" data-end=\"403\" \/><strong data-start=\"403\" data-end=\"457\">Sankari ja vieraat muistavat juhlat viel\u00e4 pitk\u00e4\u00e4n!<\/strong><\/p><h3 data-start=\"461\" data-end=\"503\">Uutuudet ja vauhdikkaat aktiviteetit<\/h3><ul data-start=\"505\" data-end=\"802\"><li data-start=\"505\" data-end=\"636\"><p data-start=\"507\" data-end=\"636\"><strong data-start=\"507\" data-end=\"531\">Beachbuggy-autorata:<\/strong> Kaksi henkil\u00f6\u00e4 per auto, nuorimmat huoltajan kyydiss\u00e4. <strong data-start=\"587\" data-end=\"597\">Hinta:<\/strong> 10 \u20ac \/ henkil\u00f6, 3 kierrosta radalla.<\/p><\/li><li data-start=\"637\" data-end=\"704\"><p data-start=\"639\" data-end=\"704\"><strong data-start=\"639\" data-end=\"654\">Powerstage:<\/strong> Haasta kaverisi puiston omalla haasteareenalla!<\/p><\/li><li data-start=\"705\" data-end=\"802\"><p data-start=\"707\" data-end=\"802\"><strong data-start=\"707\" data-end=\"752\">Useita aktiviteettej\u00e4 yhdell\u00e4 pelilipulla<\/strong> \u2013 s\u00e4\u00e4st\u00e4 aikaa ja nauti enemm\u00e4n hauskanpidosta!<\/p><\/li><\/ul><p data-start=\"804\" data-end=\"910\"><strong data-start=\"804\" data-end=\"840\">Varaa nyt syntt\u00e4rit tai peliaika<\/strong> ja tee p\u00e4iv\u00e4st\u00e4 t\u00e4ynn\u00e4 vauhtia, naurua ja unohtumattomia el\u00e4myksi\u00e4!<\/p>\t\t\t\t\t\t\t\t<\/div>\n\t\t\t\t<\/div>\n\t\t\t\t\t<\/div>\n\t\t<\/div>\n\t\t\t\t\t<\/div>\n\t\t<\/section>\n\t\t\t\t<\/div>\n\t\t","protected":false},"excerpt":{"rendered":"<p>Kokeile my\u00f6s puiston muita super hauskoja pelej\u00e4! Hauskaa tekemist\u00e4 ProGames Paintballpuistossa ProGames Paintballpuistossa viet\u00e4t takuuvarmasti hauskan p\u00e4iv\u00e4n vauhdikkaiden aktiviteettien parissa! Paintballin lis\u00e4ksi puistossa voit pelata kuplafutista omalla areenalla \u2013 kuplapalloja l\u00f6ytyy lapsille, aikuisille ja extra-isoina versioina.Kokeile my\u00f6s supersumopainia, jossa puetaan p\u00e4\u00e4lle hulvattomat sumopuvut ja kisataan, kuka pysyy pystyss\u00e4 pisimp\u00e4\u00e4n! ProGames tarjoaa el\u00e4myksi\u00e4, liikett\u00e4 ja naurua [&hellip;]<\/p>\n","protected":false},"author":1,"featured_media":0,"parent":0,"menu_order":0,"comment_status":"closed","ping_status":"closed","template":"","meta":{"footnotes":""},"class_list":["post-249","page","type-page","status-publish","hentry"],"_links":{"self":[{"href":"https:\/\/progames.fi\/fi\/index.php\/wp-json\/wp\/v2\/pages\/249","targetHints":{"allow":["GET"]}}],"collection":[{"href":"https:\/\/progames.fi\/fi\/index.php\/wp-json\/wp\/v2\/pages"}],"about":[{"href":"https:\/\/progames.fi\/fi\/index.php\/wp-json\/wp\/v2\/types\/page"}],"author":[{"embeddable":true,"href":"https:\/\/progames.fi\/fi\/index.php\/wp-json\/wp\/v2\/users\/1"}],"replies":[{"embeddable":true,"href":"https:\/\/progames.fi\/fi\/index.php\/wp-json\/wp\/v2\/comments?post=249"}],"version-history":[{"count":64,"href":"https:\/\/progames.fi\/fi\/index.php\/wp-json\/wp\/v2\/pages\/249\/revisions"}],"predecessor-version":[{"id":2054,"href":"https:\/\/progames.fi\/fi\/index.php\/wp-json\/wp\/v2\/pages\/249\/revisions\/2054"}],"wp:attachment":[{"href":"https:\/\/progames.fi\/fi\/index.php\/wp-json\/wp\/v2\/media?parent=249"}],"curies":[{"name":"wp","href":"https:\/\/api.w.org\/{rel}","templated":true}]}}